{"id":11454,"date":"2026-03-11T14:21:37","date_gmt":"2026-03-11T13:21:37","guid":{"rendered":"https:\/\/magmageopark.no\/?page_id=11454"},"modified":"2026-03-20T13:17:42","modified_gmt":"2026-03-20T12:17:42","slug":"on-wild-country-roads-in-magma-geopark","status":"publish","type":"page","link":"https:\/\/magmageopark.no\/en\/visit\/pa-ville-landeveier-i-magma-geopark\/","title":{"rendered":"On wild country roads in Magma Geopark"},"content":{"rendered":"","protected":false},"excerpt":{"rendered":"<p>Along the coast between Kristiansand and Stavanger are three small towns with well-preserved wooden houses and a long coastal history. Flekkefjord, Sogndalstrand and Egersund are just a short drive away from each other and make a great three-day trip along the south-west coast.<\/p>","protected":false},"author":1,"featured_media":11443,"parent":11435,"menu_order":0,"comment_status":"closed","ping_status":"closed","template":"","meta":{"_acf_changed":false,"footnotes":""},"class_list":["post-11454","page","type-page","status-publish","has-post-thumbnail","hentry"],"acf":[],"yoast_head":"<!-- This site is optimized with the Yoast SEO plugin v27.1.1 - https:\/\/yoast.com\/product\/yoast-seo-wordpress\/ -->\n<title>P\u00e5 ville landeveier i Magma Geopark - Magma Geopark<\/title>\n<meta name=\"robots\" content=\"index, follow, max-snippet:-1, max-image-preview:large, max-video-preview:-1\" \/>\n<link rel=\"canonical\" href=\"https:\/\/magmageopark.no\/en\/visit\/on-wild-country-roads-in-magma-geopark\/\" \/>\n<meta property=\"og:locale\" content=\"en_GB\" \/>\n<meta property=\"og:type\" content=\"article\" \/>\n<meta property=\"og:title\" content=\"P\u00e5 ville landeveier i Magma Geopark - Magma Geopark\" \/>\n<meta property=\"og:description\" content=\"Langs kysten mellom Kristiansand og Stavanger ligger tre sm\u00e5 byer med godt bevarte trehusmilj\u00f8er og lang kysthistorie. Flekkefjord, Sogndalstrand og Egersund ligger en kort kj\u00f8retur fra hverandre og passer godt som en tredagers reise langs s\u00f8rvestkysten.\" \/>\n<meta property=\"og:url\" content=\"https:\/\/magmageopark.no\/en\/visit\/on-wild-country-roads-in-magma-geopark\/\" \/>\n<meta property=\"og:site_name\" content=\"Magma Geopark\" \/>\n<meta property=\"article:publisher\" content=\"https:\/\/www.facebook.com\/magmageopark\/\" \/>\n<meta property=\"article:modified_time\" content=\"2026-03-20T12:17:42+00:00\" \/>\n<meta property=\"og:image\" content=\"https:\/\/magmageopark.no\/wp-content\/uploads\/2026\/03\/IMG_3113-2.jpg\" \/>\n\t<meta property=\"og:image:width\" content=\"2500\" \/>\n\t<meta property=\"og:image:height\" content=\"1667\" \/>\n\t<meta property=\"og:image:type\" content=\"image\/jpeg\" \/>\n<meta name=\"twitter:card\" content=\"summary_large_image\" \/>\n<meta name=\"twitter:label1\" content=\"Estimated reading time\" \/>\n\t<meta name=\"twitter:data1\" content=\"16 minutes\" \/>\n<script type=\"application\/ld+json\" class=\"yoast-schema-graph\">{\"@context\":\"https:\/\/schema.org\",\"@graph\":[{\"@type\":\"WebPage\",\"@id\":\"https:\/\/magmageopark.no\/no\/visit\/pa-ville-landeveier-i-magma-geopark\/\",\"url\":\"https:\/\/magmageopark.no\/no\/visit\/pa-ville-landeveier-i-magma-geopark\/\",\"name\":\"P\u00e5 ville landeveier i Magma Geopark - Magma Geopark\",\"isPartOf\":{\"@id\":\"https:\/\/magmageopark.no\/#website\"},\"primaryImageOfPage\":{\"@id\":\"https:\/\/magmageopark.no\/no\/visit\/pa-ville-landeveier-i-magma-geopark\/#primaryimage\"},\"image\":{\"@id\":\"https:\/\/magmageopark.no\/no\/visit\/pa-ville-landeveier-i-magma-geopark\/#primaryimage\"},\"thumbnailUrl\":\"https:\/\/magmageopark.no\/wp-content\/uploads\/2026\/03\/IMG_3113-2.jpg\",\"datePublished\":\"2026-03-11T13:21:37+00:00\",\"dateModified\":\"2026-03-20T12:17:42+00:00\",\"breadcrumb\":{\"@id\":\"https:\/\/magmageopark.no\/no\/visit\/pa-ville-landeveier-i-magma-geopark\/#breadcrumb\"},\"inLanguage\":\"en-GB\",\"potentialAction\":[{\"@type\":\"ReadAction\",\"target\":[\"https:\/\/magmageopark.no\/no\/visit\/pa-ville-landeveier-i-magma-geopark\/\"]}]},{\"@type\":\"ImageObject\",\"inLanguage\":\"en-GB\",\"@id\":\"https:\/\/magmageopark.no\/no\/visit\/pa-ville-landeveier-i-magma-geopark\/#primaryimage\",\"url\":\"https:\/\/magmageopark.no\/wp-content\/uploads\/2026\/03\/IMG_3113-2.jpg\",\"contentUrl\":\"https:\/\/magmageopark.no\/wp-content\/uploads\/2026\/03\/IMG_3113-2.jpg\",\"width\":2500,\"height\":1667},{\"@type\":\"BreadcrumbList\",\"@id\":\"https:\/\/magmageopark.no\/no\/visit\/pa-ville-landeveier-i-magma-geopark\/#breadcrumb\",\"itemListElement\":[{\"@type\":\"ListItem\",\"position\":1,\"name\":\"Hjem\",\"item\":\"https:\/\/magmageopark.no\/en\/\"},{\"@type\":\"ListItem\",\"position\":2,\"name\":\"Visit\",\"item\":\"https:\/\/magmageopark.no\/no\/visit\/\"},{\"@type\":\"ListItem\",\"position\":3,\"name\":\"P\u00e5 ville landeveier i Magma Geopark\"}]},{\"@type\":\"WebSite\",\"@id\":\"https:\/\/magmageopark.no\/#website\",\"url\":\"https:\/\/magmageopark.no\/\",\"name\":\"Magma Geopark\",\"description\":\"Walk on the moon\",\"publisher\":{\"@id\":\"https:\/\/magmageopark.no\/#organization\"},\"potentialAction\":[{\"@type\":\"SearchAction\",\"target\":{\"@type\":\"EntryPoint\",\"urlTemplate\":\"https:\/\/magmageopark.no\/?s={search_term_string}\"},\"query-input\":{\"@type\":\"PropertyValueSpecification\",\"valueRequired\":true,\"valueName\":\"search_term_string\"}}],\"inLanguage\":\"en-GB\"},{\"@type\":\"Organization\",\"@id\":\"https:\/\/magmageopark.no\/#organization\",\"name\":\"Magma UNESCO Global Geopark\",\"url\":\"https:\/\/magmageopark.no\/\",\"logo\":{\"@type\":\"ImageObject\",\"inLanguage\":\"en-GB\",\"@id\":\"https:\/\/magmageopark.no\/#\/schema\/logo\/image\/\",\"url\":\"https:\/\/magmageopark.no\/wp-content\/uploads\/2024\/06\/Magma-geopark-UNESCO-blaa-logo-2.png\",\"contentUrl\":\"https:\/\/magmageopark.no\/wp-content\/uploads\/2024\/06\/Magma-geopark-UNESCO-blaa-logo-2.png\",\"width\":900,\"height\":410,\"caption\":\"Magma UNESCO Global Geopark\"},\"image\":{\"@id\":\"https:\/\/magmageopark.no\/#\/schema\/logo\/image\/\"},\"sameAs\":[\"https:\/\/www.facebook.com\/magmageopark\/\",\"https:\/\/www.instagram.com\/magmageopark\/\"]}]}<\/script>\n<!-- \/ Yoast SEO plugin. -->","yoast_head_json":{"title":"On wild roads in Magma Geopark - Magma Geopark","robots":{"index":"index","follow":"follow","max-snippet":"max-snippet:-1","max-image-preview":"max-image-preview:large","max-video-preview":"max-video-preview:-1"},"canonical":"https:\/\/magmageopark.no\/en\/visit\/on-wild-country-roads-in-magma-geopark\/","og_locale":"en_GB","og_type":"article","og_title":"P\u00e5 ville landeveier i Magma Geopark - Magma Geopark","og_description":"Langs kysten mellom Kristiansand og Stavanger ligger tre sm\u00e5 byer med godt bevarte trehusmilj\u00f8er og lang kysthistorie. Flekkefjord, Sogndalstrand og Egersund ligger en kort kj\u00f8retur fra hverandre og passer godt som en tredagers reise langs s\u00f8rvestkysten.","og_url":"https:\/\/magmageopark.no\/en\/visit\/on-wild-country-roads-in-magma-geopark\/","og_site_name":"Magma Geopark","article_publisher":"https:\/\/www.facebook.com\/magmageopark\/","article_modified_time":"2026-03-20T12:17:42+00:00","og_image":[{"width":2500,"height":1667,"url":"https:\/\/magmageopark.no\/wp-content\/uploads\/2026\/03\/IMG_3113-2.jpg","type":"image\/jpeg"}],"twitter_card":"summary_large_image","twitter_misc":{"Estimated reading time":"16 minutes"},"schema":{"@context":"https:\/\/schema.org","@graph":[{"@type":"WebPage","@id":"https:\/\/magmageopark.no\/no\/visit\/pa-ville-landeveier-i-magma-geopark\/","url":"https:\/\/magmageopark.no\/no\/visit\/pa-ville-landeveier-i-magma-geopark\/","name":"On wild roads in Magma Geopark - Magma Geopark","isPartOf":{"@id":"https:\/\/magmageopark.no\/#website"},"primaryImageOfPage":{"@id":"https:\/\/magmageopark.no\/no\/visit\/pa-ville-landeveier-i-magma-geopark\/#primaryimage"},"image":{"@id":"https:\/\/magmageopark.no\/no\/visit\/pa-ville-landeveier-i-magma-geopark\/#primaryimage"},"thumbnailUrl":"https:\/\/magmageopark.no\/wp-content\/uploads\/2026\/03\/IMG_3113-2.jpg","datePublished":"2026-03-11T13:21:37+00:00","dateModified":"2026-03-20T12:17:42+00:00","breadcrumb":{"@id":"https:\/\/magmageopark.no\/no\/visit\/pa-ville-landeveier-i-magma-geopark\/#breadcrumb"},"inLanguage":"en-GB","potentialAction":[{"@type":"ReadAction","target":["https:\/\/magmageopark.no\/no\/visit\/pa-ville-landeveier-i-magma-geopark\/"]}]},{"@type":"ImageObject","inLanguage":"en-GB","@id":"https:\/\/magmageopark.no\/no\/visit\/pa-ville-landeveier-i-magma-geopark\/#primaryimage","url":"https:\/\/magmageopark.no\/wp-content\/uploads\/2026\/03\/IMG_3113-2.jpg","contentUrl":"https:\/\/magmageopark.no\/wp-content\/uploads\/2026\/03\/IMG_3113-2.jpg","width":2500,"height":1667},{"@type":"BreadcrumbList","@id":"https:\/\/magmageopark.no\/no\/visit\/pa-ville-landeveier-i-magma-geopark\/#breadcrumb","itemListElement":[{"@type":"ListItem","position":1,"name":"Hjem","item":"https:\/\/magmageopark.no\/en\/"},{"@type":"ListItem","position":2,"name":"Visit","item":"https:\/\/magmageopark.no\/no\/visit\/"},{"@type":"ListItem","position":3,"name":"P\u00e5 ville landeveier i Magma Geopark"}]},{"@type":"WebSite","@id":"https:\/\/magmageopark.no\/#website","url":"https:\/\/magmageopark.no\/","name":"Magma Geopark","description":"Walk on the moon","publisher":{"@id":"https:\/\/magmageopark.no\/#organization"},"potentialAction":[{"@type":"SearchAction","target":{"@type":"EntryPoint","urlTemplate":"https:\/\/magmageopark.no\/?s={search_term_string}"},"query-input":{"@type":"PropertyValueSpecification","valueRequired":true,"valueName":"search_term_string"}}],"inLanguage":"en-GB"},{"@type":"Organization","@id":"https:\/\/magmageopark.no\/#organization","name":"Magma UNESCO Global Geopark","url":"https:\/\/magmageopark.no\/","logo":{"@type":"ImageObject","inLanguage":"en-GB","@id":"https:\/\/magmageopark.no\/#\/schema\/logo\/image\/","url":"https:\/\/magmageopark.no\/wp-content\/uploads\/2024\/06\/Magma-geopark-UNESCO-blaa-logo-2.png","contentUrl":"https:\/\/magmageopark.no\/wp-content\/uploads\/2024\/06\/Magma-geopark-UNESCO-blaa-logo-2.png","width":900,"height":410,"caption":"Magma UNESCO Global Geopark"},"image":{"@id":"https:\/\/magmageopark.no\/#\/schema\/logo\/image\/"},"sameAs":["https:\/\/www.facebook.com\/magmageopark\/","https:\/\/www.instagram.com\/magmageopark\/"]}]}},"_links":{"self":[{"href":"https:\/\/magmageopark.no\/en\/wp-json\/wp\/v2\/pages\/11454","targetHints":{"allow":["GET"]}}],"collection":[{"href":"https:\/\/magmageopark.no\/en\/wp-json\/wp\/v2\/pages"}],"about":[{"href":"https:\/\/magmageopark.no\/en\/wp-json\/wp\/v2\/types\/page"}],"author":[{"embeddable":true,"href":"https:\/\/magmageopark.no\/en\/wp-json\/wp\/v2\/users\/1"}],"replies":[{"embeddable":true,"href":"https:\/\/magmageopark.no\/en\/wp-json\/wp\/v2\/comments?post=11454"}],"version-history":[{"count":9,"href":"https:\/\/magmageopark.no\/en\/wp-json\/wp\/v2\/pages\/11454\/revisions"}],"predecessor-version":[{"id":11682,"href":"https:\/\/magmageopark.no\/en\/wp-json\/wp\/v2\/pages\/11454\/revisions\/11682"}],"up":[{"embeddable":true,"href":"https:\/\/magmageopark.no\/en\/wp-json\/wp\/v2\/pages\/11435"}],"wp:featuredmedia":[{"embeddable":true,"href":"https:\/\/magmageopark.no\/en\/wp-json\/wp\/v2\/media\/11443"}],"wp:attachment":[{"href":"https:\/\/magmageopark.no\/en\/wp-json\/wp\/v2\/media?parent=11454"}],"curies":[{"name":"wp","href":"https:\/\/api.w.org\/{rel}","templated":true}]}}