{"id":1270,"date":"2024-05-30T12:47:17","date_gmt":"2024-05-30T10:47:17","guid":{"rendered":"https:\/\/magma.megakunder.com\/?page_id=1270"},"modified":"2024-06-28T18:59:59","modified_gmt":"2024-06-28T16:59:59","slug":"destination-bjerkreim","status":"publish","type":"page","link":"https:\/\/magmageopark.no\/en\/destinasjoner\/destinasjon-bjerkreim\/","title":{"rendered":"Destination Bjerkreim"},"content":{"rendered":"","protected":false},"excerpt":{"rendered":"","protected":false},"author":1,"featured_media":0,"parent":48,"menu_order":0,"comment_status":"closed","ping_status":"closed","template":"","meta":{"_acf_changed":false,"footnotes":""},"class_list":["post-1270","page","type-page","status-publish","hentry"],"acf":[],"yoast_head":"<!-- This site is optimized with the Yoast SEO plugin v27.1.1 - https:\/\/yoast.com\/product\/yoast-seo-wordpress\/ -->\n<title>Destinasjon Bjerkreim - Magma Geopark<\/title>\n<meta name=\"description\" content=\"Bjerkreim byr p\u00e5 storsl\u00e5tt natur og uforglemmelige turopplevelser \u2013 og s\u00e5 mye mer enn du tror! Noen h\u00f8ydepunkter du vil ikke g\u00e5 glipp av: Vinjakula som er den h\u00f8yeste topp i Magma Geopark, Nord-Europas st\u00f8rste steinr\u00f8ys Gloppedalsura, Bjerkreimselva \u2013 en av de beste lakseelvene i Norge og vinterparadis Stavtj\u00f8rn. Og hva med en b\u00e5ttur med \u00d8rsd\u00f8len, guidet tur til \u00d8rsdalen gruver og lokale smaksopplevelser? Mange flere unike fristelser venter p\u00e5 deg i Bjerkreim.\" \/>\n<meta name=\"robots\" content=\"index, follow, max-snippet:-1, max-image-preview:large, max-video-preview:-1\" \/>\n<link rel=\"canonical\" href=\"https:\/\/magmageopark.no\/en\/destinations\/destination-bjerkreim\/\" \/>\n<meta property=\"og:locale\" content=\"en_GB\" \/>\n<meta property=\"og:type\" content=\"article\" \/>\n<meta property=\"og:title\" content=\"Storsl\u00e5tt natur og uforglemmelige turopplevelser\" \/>\n<meta property=\"og:description\" content=\"Bjerkreim byr p\u00e5 storsl\u00e5tt natur og uforglemmelige turopplevelser \u2013 og s\u00e5 mye mer enn du tror! Noen h\u00f8ydepunkter du vil ikke g\u00e5 glipp av: Vinjakula som er den h\u00f8yeste topp i Magma Geopark, Nord-Europas st\u00f8rste steinr\u00f8ys Gloppedalsura, Bjerkreimselva \u2013 en av de beste lakseelvene i Norge og vinterparadis Stavtj\u00f8rn. Og hva med en b\u00e5ttur med \u00d8rsd\u00f8len, guidet tur til \u00d8rsdalen gruver og lokale smaksopplevelser? Mange flere unike fristelser venter p\u00e5 deg i Bjerkreim.\" \/>\n<meta property=\"og:url\" content=\"https:\/\/magmageopark.no\/en\/destinations\/destination-bjerkreim\/\" \/>\n<meta property=\"og:site_name\" content=\"Magma Geopark\" \/>\n<meta property=\"article:publisher\" content=\"https:\/\/www.facebook.com\/magmageopark\/\" \/>\n<meta property=\"article:modified_time\" content=\"2024-06-28T16:59:59+00:00\" \/>\n<meta property=\"og:image\" content=\"https:\/\/magmageopark.no\/wp-content\/uploads\/2024\/04\/Orsdalsvatnet-foto-Destinasjon-BjerkreimKevin-Molstad.jpg\" \/>\n\t<meta property=\"og:image:width\" content=\"1920\" \/>\n\t<meta property=\"og:image:height\" content=\"1280\" \/>\n\t<meta property=\"og:image:type\" content=\"image\/jpeg\" \/>\n<meta name=\"twitter:card\" content=\"summary_large_image\" \/>\n<script type=\"application\/ld+json\" class=\"yoast-schema-graph\">{\"@context\":\"https:\/\/schema.org\",\"@graph\":[{\"@type\":\"WebPage\",\"@id\":\"https:\/\/magmageopark.no\/no\/destinasjoner\/destinasjon-bjerkreim\/\",\"url\":\"https:\/\/magmageopark.no\/no\/destinasjoner\/destinasjon-bjerkreim\/\",\"name\":\"Destinasjon Bjerkreim - Magma Geopark\",\"isPartOf\":{\"@id\":\"https:\/\/magmageopark.no\/#website\"},\"datePublished\":\"2024-05-30T10:47:17+00:00\",\"dateModified\":\"2024-06-28T16:59:59+00:00\",\"description\":\"Bjerkreim byr p\u00e5 storsl\u00e5tt natur og uforglemmelige turopplevelser \u2013 og s\u00e5 mye mer enn du tror! Noen h\u00f8ydepunkter du vil ikke g\u00e5 glipp av: Vinjakula som er den h\u00f8yeste topp i Magma Geopark, Nord-Europas st\u00f8rste steinr\u00f8ys Gloppedalsura, Bjerkreimselva \u2013 en av de beste lakseelvene i Norge og vinterparadis Stavtj\u00f8rn. Og hva med en b\u00e5ttur med \u00d8rsd\u00f8len, guidet tur til \u00d8rsdalen gruver og lokale smaksopplevelser? Mange flere unike fristelser venter p\u00e5 deg i Bjerkreim.\",\"breadcrumb\":{\"@id\":\"https:\/\/magmageopark.no\/no\/destinasjoner\/destinasjon-bjerkreim\/#breadcrumb\"},\"inLanguage\":\"en-GB\",\"potentialAction\":[{\"@type\":\"ReadAction\",\"target\":[\"https:\/\/magmageopark.no\/no\/destinasjoner\/destinasjon-bjerkreim\/\"]}]},{\"@type\":\"BreadcrumbList\",\"@id\":\"https:\/\/magmageopark.no\/no\/destinasjoner\/destinasjon-bjerkreim\/#breadcrumb\",\"itemListElement\":[{\"@type\":\"ListItem\",\"position\":1,\"name\":\"Hjem\",\"item\":\"https:\/\/magmageopark.no\/en\/\"},{\"@type\":\"ListItem\",\"position\":2,\"name\":\"Destinasjoner\",\"item\":\"https:\/\/magmageopark.no\/no\/destinasjoner\/\"},{\"@type\":\"ListItem\",\"position\":3,\"name\":\"Destinasjon Bjerkreim\"}]},{\"@type\":\"WebSite\",\"@id\":\"https:\/\/magmageopark.no\/#website\",\"url\":\"https:\/\/magmageopark.no\/\",\"name\":\"Magma Geopark\",\"description\":\"Walk on the moon\",\"publisher\":{\"@id\":\"https:\/\/magmageopark.no\/#organization\"},\"potentialAction\":[{\"@type\":\"SearchAction\",\"target\":{\"@type\":\"EntryPoint\",\"urlTemplate\":\"https:\/\/magmageopark.no\/?s={search_term_string}\"},\"query-input\":{\"@type\":\"PropertyValueSpecification\",\"valueRequired\":true,\"valueName\":\"search_term_string\"}}],\"inLanguage\":\"en-GB\"},{\"@type\":\"Organization\",\"@id\":\"https:\/\/magmageopark.no\/#organization\",\"name\":\"Magma UNESCO Global Geopark\",\"url\":\"https:\/\/magmageopark.no\/\",\"logo\":{\"@type\":\"ImageObject\",\"inLanguage\":\"en-GB\",\"@id\":\"https:\/\/magmageopark.no\/#\/schema\/logo\/image\/\",\"url\":\"https:\/\/magmageopark.no\/wp-content\/uploads\/2024\/06\/Magma-geopark-UNESCO-blaa-logo-2.png\",\"contentUrl\":\"https:\/\/magmageopark.no\/wp-content\/uploads\/2024\/06\/Magma-geopark-UNESCO-blaa-logo-2.png\",\"width\":900,\"height\":410,\"caption\":\"Magma UNESCO Global Geopark\"},\"image\":{\"@id\":\"https:\/\/magmageopark.no\/#\/schema\/logo\/image\/\"},\"sameAs\":[\"https:\/\/www.facebook.com\/magmageopark\/\",\"https:\/\/www.instagram.com\/magmageopark\/\"]}]}<\/script>\n<!-- \/ Yoast SEO plugin. -->","yoast_head_json":{"title":"Destination Bjerkreim - Magma Geopark","description":"Bjerkreim offers magnificent nature and unforgettable hiking experiences \u2013 and much more than you might expect! Here are some highlights you won't want to miss: Vinjakula, the highest peak in Magma Geopark; Gloppedalsura, Northern Europe's largest scree; Bjerkreimselva, one of Norway's best salmon rivers; and the winter paradise of Stavtj\u00f8rn. How about a boat trip with \u00d8rsd\u00f8len, a guided tour of \u00d8rsdalen mines, and local culinary delights? Many more unique temptations await you in Bjerkreim.","robots":{"index":"index","follow":"follow","max-snippet":"max-snippet:-1","max-image-preview":"max-image-preview:large","max-video-preview":"max-video-preview:-1"},"canonical":"https:\/\/magmageopark.no\/en\/destinations\/destination-bjerkreim\/","og_locale":"en_GB","og_type":"article","og_title":"Storsl\u00e5tt natur og uforglemmelige turopplevelser","og_description":"Bjerkreim byr p\u00e5 storsl\u00e5tt natur og uforglemmelige turopplevelser \u2013 og s\u00e5 mye mer enn du tror! Noen h\u00f8ydepunkter du vil ikke g\u00e5 glipp av: Vinjakula som er den h\u00f8yeste topp i Magma Geopark, Nord-Europas st\u00f8rste steinr\u00f8ys Gloppedalsura, Bjerkreimselva \u2013 en av de beste lakseelvene i Norge og vinterparadis Stavtj\u00f8rn. Og hva med en b\u00e5ttur med \u00d8rsd\u00f8len, guidet tur til \u00d8rsdalen gruver og lokale smaksopplevelser? Mange flere unike fristelser venter p\u00e5 deg i Bjerkreim.","og_url":"https:\/\/magmageopark.no\/en\/destinations\/destination-bjerkreim\/","og_site_name":"Magma Geopark","article_publisher":"https:\/\/www.facebook.com\/magmageopark\/","article_modified_time":"2024-06-28T16:59:59+00:00","og_image":[{"width":1920,"height":1280,"url":"https:\/\/magmageopark.no\/wp-content\/uploads\/2024\/04\/Orsdalsvatnet-foto-Destinasjon-BjerkreimKevin-Molstad.jpg","type":"image\/jpeg"}],"twitter_card":"summary_large_image","schema":{"@context":"https:\/\/schema.org","@graph":[{"@type":"WebPage","@id":"https:\/\/magmageopark.no\/no\/destinasjoner\/destinasjon-bjerkreim\/","url":"https:\/\/magmageopark.no\/no\/destinasjoner\/destinasjon-bjerkreim\/","name":"Destination Bjerkreim - Magma Geopark","isPartOf":{"@id":"https:\/\/magmageopark.no\/#website"},"datePublished":"2024-05-30T10:47:17+00:00","dateModified":"2024-06-28T16:59:59+00:00","description":"Bjerkreim offers magnificent nature and unforgettable hiking experiences \u2013 and much more than you might expect! Here are some highlights you won't want to miss: Vinjakula, the highest peak in Magma Geopark; Gloppedalsura, Northern Europe's largest scree; Bjerkreimselva, one of Norway's best salmon rivers; and the winter paradise of Stavtj\u00f8rn. How about a boat trip with \u00d8rsd\u00f8len, a guided tour of \u00d8rsdalen mines, and local culinary delights? Many more unique temptations await you in Bjerkreim.","breadcrumb":{"@id":"https:\/\/magmageopark.no\/no\/destinasjoner\/destinasjon-bjerkreim\/#breadcrumb"},"inLanguage":"en-GB","potentialAction":[{"@type":"ReadAction","target":["https:\/\/magmageopark.no\/no\/destinasjoner\/destinasjon-bjerkreim\/"]}]},{"@type":"BreadcrumbList","@id":"https:\/\/magmageopark.no\/no\/destinasjoner\/destinasjon-bjerkreim\/#breadcrumb","itemListElement":[{"@type":"ListItem","position":1,"name":"Hjem","item":"https:\/\/magmageopark.no\/en\/"},{"@type":"ListItem","position":2,"name":"Destinasjoner","item":"https:\/\/magmageopark.no\/no\/destinasjoner\/"},{"@type":"ListItem","position":3,"name":"Destinasjon Bjerkreim"}]},{"@type":"WebSite","@id":"https:\/\/magmageopark.no\/#website","url":"https:\/\/magmageopark.no\/","name":"Magma Geopark","description":"Walk on the moon","publisher":{"@id":"https:\/\/magmageopark.no\/#organization"},"potentialAction":[{"@type":"SearchAction","target":{"@type":"EntryPoint","urlTemplate":"https:\/\/magmageopark.no\/?s={search_term_string}"},"query-input":{"@type":"PropertyValueSpecification","valueRequired":true,"valueName":"search_term_string"}}],"inLanguage":"en-GB"},{"@type":"Organization","@id":"https:\/\/magmageopark.no\/#organization","name":"Magma UNESCO Global Geopark","url":"https:\/\/magmageopark.no\/","logo":{"@type":"ImageObject","inLanguage":"en-GB","@id":"https:\/\/magmageopark.no\/#\/schema\/logo\/image\/","url":"https:\/\/magmageopark.no\/wp-content\/uploads\/2024\/06\/Magma-geopark-UNESCO-blaa-logo-2.png","contentUrl":"https:\/\/magmageopark.no\/wp-content\/uploads\/2024\/06\/Magma-geopark-UNESCO-blaa-logo-2.png","width":900,"height":410,"caption":"Magma UNESCO Global Geopark"},"image":{"@id":"https:\/\/magmageopark.no\/#\/schema\/logo\/image\/"},"sameAs":["https:\/\/www.facebook.com\/magmageopark\/","https:\/\/www.instagram.com\/magmageopark\/"]}]}},"_links":{"self":[{"href":"https:\/\/magmageopark.no\/en\/wp-json\/wp\/v2\/pages\/1270","targetHints":{"allow":["GET"]}}],"collection":[{"href":"https:\/\/magmageopark.no\/en\/wp-json\/wp\/v2\/pages"}],"about":[{"href":"https:\/\/magmageopark.no\/en\/wp-json\/wp\/v2\/types\/page"}],"author":[{"embeddable":true,"href":"https:\/\/magmageopark.no\/en\/wp-json\/wp\/v2\/users\/1"}],"replies":[{"embeddable":true,"href":"https:\/\/magmageopark.no\/en\/wp-json\/wp\/v2\/comments?post=1270"}],"version-history":[{"count":15,"href":"https:\/\/magmageopark.no\/en\/wp-json\/wp\/v2\/pages\/1270\/revisions"}],"predecessor-version":[{"id":3845,"href":"https:\/\/magmageopark.no\/en\/wp-json\/wp\/v2\/pages\/1270\/revisions\/3845"}],"up":[{"embeddable":true,"href":"https:\/\/magmageopark.no\/en\/wp-json\/wp\/v2\/pages\/48"}],"wp:attachment":[{"href":"https:\/\/magmageopark.no\/en\/wp-json\/wp\/v2\/media?parent=1270"}],"curies":[{"name":"wp","href":"https:\/\/api.w.org\/{rel}","templated":true}]}}