{"id":1272,"date":"2024-05-30T12:47:30","date_gmt":"2024-05-30T10:47:30","guid":{"rendered":"https:\/\/magma.megakunder.com\/?page_id=1272"},"modified":"2026-03-02T11:42:05","modified_gmt":"2026-03-02T10:42:05","slug":"destination-hidra","status":"publish","type":"page","link":"https:\/\/magmageopark.no\/en\/destinasjoner\/destinasjon-hidra\/","title":{"rendered":"S\u00f8rlandsperla Hidra"},"content":{"rendered":"","protected":false},"excerpt":{"rendered":"","protected":false},"author":1,"featured_media":0,"parent":48,"menu_order":0,"comment_status":"closed","ping_status":"closed","template":"","meta":{"_acf_changed":false,"footnotes":""},"class_list":["post-1272","page","type-page","status-publish","hentry"],"acf":[],"yoast_head":"<!-- This site is optimized with the Yoast SEO plugin v27.1.1 - https:\/\/yoast.com\/product\/yoast-seo-wordpress\/ -->\n<title>S\u00f8rlandsperla Hidra - Magma Geopark<\/title>\n<meta name=\"description\" content=\"Velkommen til s\u00f8rlandsperla Hidra. Her f\u00e5r du s\u00f8rlandsidyll i vestlandsnatur. Med en levende kystkultur og unik gjestfrihet, \u00f8nsker vi alle velkommen til \u00f8ya v\u00e5r.\" \/>\n<meta name=\"robots\" content=\"index, follow, max-snippet:-1, max-image-preview:large, max-video-preview:-1\" \/>\n<link rel=\"canonical\" href=\"https:\/\/magmageopark.no\/en\/destinations\/destination-hidra\/\" \/>\n<meta property=\"og:locale\" content=\"en_GB\" \/>\n<meta property=\"og:type\" content=\"article\" \/>\n<meta property=\"og:title\" content=\"Velkommen til s\u00f8rlandsperla Hidra.\" \/>\n<meta property=\"og:description\" content=\"Her f\u00e5r du s\u00f8rlandsidyll i vestlandsnatur. Med en levende kystkultur og unik gjestfrihet, \u00f8nsker vi alle velkommen til \u00f8ya v\u00e5r.\" \/>\n<meta property=\"og:url\" content=\"https:\/\/magmageopark.no\/en\/destinations\/destination-hidra\/\" \/>\n<meta property=\"og:site_name\" content=\"Magma Geopark\" \/>\n<meta property=\"article:publisher\" content=\"https:\/\/www.facebook.com\/magmageopark\/\" \/>\n<meta property=\"article:modified_time\" content=\"2026-03-02T10:42:05+00:00\" \/>\n<meta property=\"og:image\" content=\"https:\/\/magmageopark.no\/wp-content\/uploads\/2024\/05\/4__Hidra_Eva_Pettersen_Andreassen.jpg\" \/>\n\t<meta property=\"og:image:width\" content=\"1536\" \/>\n\t<meta property=\"og:image:height\" content=\"2048\" \/>\n\t<meta property=\"og:image:type\" content=\"image\/jpeg\" \/>\n<meta name=\"twitter:card\" content=\"summary_large_image\" \/>\n<meta name=\"twitter:label1\" content=\"Estimated reading time\" \/>\n\t<meta name=\"twitter:data1\" content=\"8 minutes\" \/>\n<script type=\"application\/ld+json\" class=\"yoast-schema-graph\">{\"@context\":\"https:\/\/schema.org\",\"@graph\":[{\"@type\":\"WebPage\",\"@id\":\"https:\/\/magmageopark.no\/no\/destinasjoner\/destinasjon-hidra\/\",\"url\":\"https:\/\/magmageopark.no\/no\/destinasjoner\/destinasjon-hidra\/\",\"name\":\"S\u00f8rlandsperla Hidra - Magma Geopark\",\"isPartOf\":{\"@id\":\"https:\/\/magmageopark.no\/#website\"},\"datePublished\":\"2024-05-30T10:47:30+00:00\",\"dateModified\":\"2026-03-02T10:42:05+00:00\",\"description\":\"Velkommen til s\u00f8rlandsperla Hidra. Her f\u00e5r du s\u00f8rlandsidyll i vestlandsnatur. Med en levende kystkultur og unik gjestfrihet, \u00f8nsker vi alle velkommen til \u00f8ya v\u00e5r.\",\"breadcrumb\":{\"@id\":\"https:\/\/magmageopark.no\/no\/destinasjoner\/destinasjon-hidra\/#breadcrumb\"},\"inLanguage\":\"en-GB\",\"potentialAction\":[{\"@type\":\"ReadAction\",\"target\":[\"https:\/\/magmageopark.no\/no\/destinasjoner\/destinasjon-hidra\/\"]}]},{\"@type\":\"BreadcrumbList\",\"@id\":\"https:\/\/magmageopark.no\/no\/destinasjoner\/destinasjon-hidra\/#breadcrumb\",\"itemListElement\":[{\"@type\":\"ListItem\",\"position\":1,\"name\":\"Hjem\",\"item\":\"https:\/\/magmageopark.no\/en\/\"},{\"@type\":\"ListItem\",\"position\":2,\"name\":\"Destinasjoner\",\"item\":\"https:\/\/magmageopark.no\/no\/destinasjoner\/\"},{\"@type\":\"ListItem\",\"position\":3,\"name\":\"S\u00f8rlandsperla Hidra\"}]},{\"@type\":\"WebSite\",\"@id\":\"https:\/\/magmageopark.no\/#website\",\"url\":\"https:\/\/magmageopark.no\/\",\"name\":\"Magma Geopark\",\"description\":\"Walk on the moon\",\"publisher\":{\"@id\":\"https:\/\/magmageopark.no\/#organization\"},\"potentialAction\":[{\"@type\":\"SearchAction\",\"target\":{\"@type\":\"EntryPoint\",\"urlTemplate\":\"https:\/\/magmageopark.no\/?s={search_term_string}\"},\"query-input\":{\"@type\":\"PropertyValueSpecification\",\"valueRequired\":true,\"valueName\":\"search_term_string\"}}],\"inLanguage\":\"en-GB\"},{\"@type\":\"Organization\",\"@id\":\"https:\/\/magmageopark.no\/#organization\",\"name\":\"Magma UNESCO Global Geopark\",\"url\":\"https:\/\/magmageopark.no\/\",\"logo\":{\"@type\":\"ImageObject\",\"inLanguage\":\"en-GB\",\"@id\":\"https:\/\/magmageopark.no\/#\/schema\/logo\/image\/\",\"url\":\"https:\/\/magmageopark.no\/wp-content\/uploads\/2024\/06\/Magma-geopark-UNESCO-blaa-logo-2.png\",\"contentUrl\":\"https:\/\/magmageopark.no\/wp-content\/uploads\/2024\/06\/Magma-geopark-UNESCO-blaa-logo-2.png\",\"width\":900,\"height\":410,\"caption\":\"Magma UNESCO Global Geopark\"},\"image\":{\"@id\":\"https:\/\/magmageopark.no\/#\/schema\/logo\/image\/\"},\"sameAs\":[\"https:\/\/www.facebook.com\/magmageopark\/\",\"https:\/\/www.instagram.com\/magmageopark\/\"]}]}<\/script>\n<!-- \/ Yoast SEO plugin. -->","yoast_head_json":{"title":"S\u00f8rlandsperla Hidra - Magma Geopark","description":"Welcome to the southern gem of Hidra. Here you'll find a southern idyll in a western landscape. With a vibrant coastal culture and unique hospitality, we welcome everyone to our island.","robots":{"index":"index","follow":"follow","max-snippet":"max-snippet:-1","max-image-preview":"max-image-preview:large","max-video-preview":"max-video-preview:-1"},"canonical":"https:\/\/magmageopark.no\/en\/destinations\/destination-hidra\/","og_locale":"en_GB","og_type":"article","og_title":"Velkommen til s\u00f8rlandsperla Hidra.","og_description":"Her f\u00e5r du s\u00f8rlandsidyll i vestlandsnatur. Med en levende kystkultur og unik gjestfrihet, \u00f8nsker vi alle velkommen til \u00f8ya v\u00e5r.","og_url":"https:\/\/magmageopark.no\/en\/destinations\/destination-hidra\/","og_site_name":"Magma Geopark","article_publisher":"https:\/\/www.facebook.com\/magmageopark\/","article_modified_time":"2026-03-02T10:42:05+00:00","og_image":[{"width":1536,"height":2048,"url":"https:\/\/magmageopark.no\/wp-content\/uploads\/2024\/05\/4__Hidra_Eva_Pettersen_Andreassen.jpg","type":"image\/jpeg"}],"twitter_card":"summary_large_image","twitter_misc":{"Estimated reading time":"8 minutes"},"schema":{"@context":"https:\/\/schema.org","@graph":[{"@type":"WebPage","@id":"https:\/\/magmageopark.no\/no\/destinasjoner\/destinasjon-hidra\/","url":"https:\/\/magmageopark.no\/no\/destinasjoner\/destinasjon-hidra\/","name":"S\u00f8rlandsperla Hidra - Magma Geopark","isPartOf":{"@id":"https:\/\/magmageopark.no\/#website"},"datePublished":"2024-05-30T10:47:30+00:00","dateModified":"2026-03-02T10:42:05+00:00","description":"Welcome to the southern gem of Hidra. Here you'll find a southern idyll in a western landscape. With a vibrant coastal culture and unique hospitality, we welcome everyone to our island.","breadcrumb":{"@id":"https:\/\/magmageopark.no\/no\/destinasjoner\/destinasjon-hidra\/#breadcrumb"},"inLanguage":"en-GB","potentialAction":[{"@type":"ReadAction","target":["https:\/\/magmageopark.no\/no\/destinasjoner\/destinasjon-hidra\/"]}]},{"@type":"BreadcrumbList","@id":"https:\/\/magmageopark.no\/no\/destinasjoner\/destinasjon-hidra\/#breadcrumb","itemListElement":[{"@type":"ListItem","position":1,"name":"Hjem","item":"https:\/\/magmageopark.no\/en\/"},{"@type":"ListItem","position":2,"name":"Destinasjoner","item":"https:\/\/magmageopark.no\/no\/destinasjoner\/"},{"@type":"ListItem","position":3,"name":"S\u00f8rlandsperla Hidra"}]},{"@type":"WebSite","@id":"https:\/\/magmageopark.no\/#website","url":"https:\/\/magmageopark.no\/","name":"Magma Geopark","description":"Walk on the moon","publisher":{"@id":"https:\/\/magmageopark.no\/#organization"},"potentialAction":[{"@type":"SearchAction","target":{"@type":"EntryPoint","urlTemplate":"https:\/\/magmageopark.no\/?s={search_term_string}"},"query-input":{"@type":"PropertyValueSpecification","valueRequired":true,"valueName":"search_term_string"}}],"inLanguage":"en-GB"},{"@type":"Organization","@id":"https:\/\/magmageopark.no\/#organization","name":"Magma UNESCO Global Geopark","url":"https:\/\/magmageopark.no\/","logo":{"@type":"ImageObject","inLanguage":"en-GB","@id":"https:\/\/magmageopark.no\/#\/schema\/logo\/image\/","url":"https:\/\/magmageopark.no\/wp-content\/uploads\/2024\/06\/Magma-geopark-UNESCO-blaa-logo-2.png","contentUrl":"https:\/\/magmageopark.no\/wp-content\/uploads\/2024\/06\/Magma-geopark-UNESCO-blaa-logo-2.png","width":900,"height":410,"caption":"Magma UNESCO Global Geopark"},"image":{"@id":"https:\/\/magmageopark.no\/#\/schema\/logo\/image\/"},"sameAs":["https:\/\/www.facebook.com\/magmageopark\/","https:\/\/www.instagram.com\/magmageopark\/"]}]}},"_links":{"self":[{"href":"https:\/\/magmageopark.no\/en\/wp-json\/wp\/v2\/pages\/1272","targetHints":{"allow":["GET"]}}],"collection":[{"href":"https:\/\/magmageopark.no\/en\/wp-json\/wp\/v2\/pages"}],"about":[{"href":"https:\/\/magmageopark.no\/en\/wp-json\/wp\/v2\/types\/page"}],"author":[{"embeddable":true,"href":"https:\/\/magmageopark.no\/en\/wp-json\/wp\/v2\/users\/1"}],"replies":[{"embeddable":true,"href":"https:\/\/magmageopark.no\/en\/wp-json\/wp\/v2\/comments?post=1272"}],"version-history":[{"count":9,"href":"https:\/\/magmageopark.no\/en\/wp-json\/wp\/v2\/pages\/1272\/revisions"}],"predecessor-version":[{"id":11417,"href":"https:\/\/magmageopark.no\/en\/wp-json\/wp\/v2\/pages\/1272\/revisions\/11417"}],"up":[{"embeddable":true,"href":"https:\/\/magmageopark.no\/en\/wp-json\/wp\/v2\/pages\/48"}],"wp:attachment":[{"href":"https:\/\/magmageopark.no\/en\/wp-json\/wp\/v2\/media?parent=1272"}],"curies":[{"name":"wp","href":"https:\/\/api.w.org\/{rel}","templated":true}]}}