{"id":42,"date":"2024-04-09T11:20:32","date_gmt":"2024-04-09T09:20:32","guid":{"rendered":"https:\/\/magma.megakunder.com\/?page_id=42"},"modified":"2025-04-15T12:27:42","modified_gmt":"2025-04-15T10:27:42","slug":"what-happens","status":"publish","type":"page","link":"https:\/\/magmageopark.no\/en\/hva-skjer\/","title":{"rendered":"What happens?"},"content":{"rendered":"","protected":false},"excerpt":{"rendered":"","protected":false},"author":1,"featured_media":0,"parent":0,"menu_order":0,"comment_status":"closed","ping_status":"closed","template":"","meta":{"_acf_changed":false,"footnotes":""},"class_list":["post-42","page","type-page","status-publish","hentry"],"acf":[],"yoast_head":"<!-- This site is optimized with the Yoast SEO plugin v27.1.1 - https:\/\/yoast.com\/product\/yoast-seo-wordpress\/ -->\n<title>Hva skjer? - Magma Geopark<\/title>\n<meta name=\"description\" content=\"Her er en oversikt over de faste arrangementene i regionen. Se v\u00e5r kalender for \u00e5 f\u00e5 oversikt over store og sm\u00e5 kommende arrangementer.\" \/>\n<meta name=\"robots\" content=\"index, follow, max-snippet:-1, max-image-preview:large, max-video-preview:-1\" \/>\n<link rel=\"canonical\" href=\"https:\/\/magmageopark.no\/en\/what-happens\/\" \/>\n<meta property=\"og:locale\" content=\"en_GB\" \/>\n<meta property=\"og:type\" content=\"article\" \/>\n<meta property=\"og:title\" content=\"Hva skjer i Magma Geopark?\" \/>\n<meta property=\"og:description\" content=\"Her er en oversikt over de faste arrangementene i regionen. Se v\u00e5r kalender for \u00e5 f\u00e5 oversikt over store og sm\u00e5 kommende arrangementer.\" \/>\n<meta property=\"og:url\" content=\"https:\/\/magmageopark.no\/en\/what-happens\/\" \/>\n<meta property=\"og:site_name\" content=\"Magma Geopark\" \/>\n<meta property=\"article:publisher\" content=\"https:\/\/www.facebook.com\/magmageopark\/\" \/>\n<meta property=\"article:modified_time\" content=\"2025-04-15T10:27:42+00:00\" \/>\n<meta property=\"og:image\" content=\"https:\/\/magmageopark.no\/wp-content\/uploads\/2024\/06\/2019-06-597-68A2563-EDIT-12753873-Foto_Arne_Ove_Ostebrot-scaled.jpg\" \/>\n\t<meta property=\"og:image:width\" content=\"2560\" \/>\n\t<meta property=\"og:image:height\" content=\"1440\" \/>\n\t<meta property=\"og:image:type\" content=\"image\/jpeg\" \/>\n<meta name=\"twitter:card\" content=\"summary_large_image\" \/>\n<script type=\"application\/ld+json\" class=\"yoast-schema-graph\">{\"@context\":\"https:\/\/schema.org\",\"@graph\":[{\"@type\":\"WebPage\",\"@id\":\"https:\/\/magmageopark.no\/no\/hva-skjer\/\",\"url\":\"https:\/\/magmageopark.no\/no\/hva-skjer\/\",\"name\":\"Hva skjer? - Magma Geopark\",\"isPartOf\":{\"@id\":\"https:\/\/magmageopark.no\/#website\"},\"datePublished\":\"2024-04-09T09:20:32+00:00\",\"dateModified\":\"2025-04-15T10:27:42+00:00\",\"description\":\"Her er en oversikt over de faste arrangementene i regionen. Se v\u00e5r kalender for \u00e5 f\u00e5 oversikt over store og sm\u00e5 kommende arrangementer.\",\"breadcrumb\":{\"@id\":\"https:\/\/magmageopark.no\/no\/hva-skjer\/#breadcrumb\"},\"inLanguage\":\"en-GB\",\"potentialAction\":[{\"@type\":\"ReadAction\",\"target\":[\"https:\/\/magmageopark.no\/no\/hva-skjer\/\"]}]},{\"@type\":\"BreadcrumbList\",\"@id\":\"https:\/\/magmageopark.no\/no\/hva-skjer\/#breadcrumb\",\"itemListElement\":[{\"@type\":\"ListItem\",\"position\":1,\"name\":\"Hjem\",\"item\":\"https:\/\/magmageopark.no\/en\/\"},{\"@type\":\"ListItem\",\"position\":2,\"name\":\"Hva skjer?\"}]},{\"@type\":\"WebSite\",\"@id\":\"https:\/\/magmageopark.no\/#website\",\"url\":\"https:\/\/magmageopark.no\/\",\"name\":\"Magma Geopark\",\"description\":\"Walk on the moon\",\"publisher\":{\"@id\":\"https:\/\/magmageopark.no\/#organization\"},\"potentialAction\":[{\"@type\":\"SearchAction\",\"target\":{\"@type\":\"EntryPoint\",\"urlTemplate\":\"https:\/\/magmageopark.no\/?s={search_term_string}\"},\"query-input\":{\"@type\":\"PropertyValueSpecification\",\"valueRequired\":true,\"valueName\":\"search_term_string\"}}],\"inLanguage\":\"en-GB\"},{\"@type\":\"Organization\",\"@id\":\"https:\/\/magmageopark.no\/#organization\",\"name\":\"Magma UNESCO Global Geopark\",\"url\":\"https:\/\/magmageopark.no\/\",\"logo\":{\"@type\":\"ImageObject\",\"inLanguage\":\"en-GB\",\"@id\":\"https:\/\/magmageopark.no\/#\/schema\/logo\/image\/\",\"url\":\"https:\/\/magmageopark.no\/wp-content\/uploads\/2024\/06\/Magma-geopark-UNESCO-blaa-logo-2.png\",\"contentUrl\":\"https:\/\/magmageopark.no\/wp-content\/uploads\/2024\/06\/Magma-geopark-UNESCO-blaa-logo-2.png\",\"width\":900,\"height\":410,\"caption\":\"Magma UNESCO Global Geopark\"},\"image\":{\"@id\":\"https:\/\/magmageopark.no\/#\/schema\/logo\/image\/\"},\"sameAs\":[\"https:\/\/www.facebook.com\/magmageopark\/\",\"https:\/\/www.instagram.com\/magmageopark\/\"]}]}<\/script>\n<!-- \/ Yoast SEO plugin. -->","yoast_head_json":{"title":"What's happening? - Magma Geopark","description":"Here is an overview of the regular events in the region. See our calendar for an overview of large and small upcoming events.","robots":{"index":"index","follow":"follow","max-snippet":"max-snippet:-1","max-image-preview":"max-image-preview:large","max-video-preview":"max-video-preview:-1"},"canonical":"https:\/\/magmageopark.no\/en\/what-happens\/","og_locale":"en_GB","og_type":"article","og_title":"Hva skjer i Magma Geopark?","og_description":"Her er en oversikt over de faste arrangementene i regionen. Se v\u00e5r kalender for \u00e5 f\u00e5 oversikt over store og sm\u00e5 kommende arrangementer.","og_url":"https:\/\/magmageopark.no\/en\/what-happens\/","og_site_name":"Magma Geopark","article_publisher":"https:\/\/www.facebook.com\/magmageopark\/","article_modified_time":"2025-04-15T10:27:42+00:00","og_image":[{"width":2560,"height":1440,"url":"https:\/\/magmageopark.no\/wp-content\/uploads\/2024\/06\/2019-06-597-68A2563-EDIT-12753873-Foto_Arne_Ove_Ostebrot-scaled.jpg","type":"image\/jpeg"}],"twitter_card":"summary_large_image","schema":{"@context":"https:\/\/schema.org","@graph":[{"@type":"WebPage","@id":"https:\/\/magmageopark.no\/no\/hva-skjer\/","url":"https:\/\/magmageopark.no\/no\/hva-skjer\/","name":"What's happening? - Magma Geopark","isPartOf":{"@id":"https:\/\/magmageopark.no\/#website"},"datePublished":"2024-04-09T09:20:32+00:00","dateModified":"2025-04-15T10:27:42+00:00","description":"Here is an overview of the regular events in the region. See our calendar for an overview of large and small upcoming events.","breadcrumb":{"@id":"https:\/\/magmageopark.no\/no\/hva-skjer\/#breadcrumb"},"inLanguage":"en-GB","potentialAction":[{"@type":"ReadAction","target":["https:\/\/magmageopark.no\/no\/hva-skjer\/"]}]},{"@type":"BreadcrumbList","@id":"https:\/\/magmageopark.no\/no\/hva-skjer\/#breadcrumb","itemListElement":[{"@type":"ListItem","position":1,"name":"Hjem","item":"https:\/\/magmageopark.no\/en\/"},{"@type":"ListItem","position":2,"name":"Hva skjer?"}]},{"@type":"WebSite","@id":"https:\/\/magmageopark.no\/#website","url":"https:\/\/magmageopark.no\/","name":"Magma Geopark","description":"Walk on the moon","publisher":{"@id":"https:\/\/magmageopark.no\/#organization"},"potentialAction":[{"@type":"SearchAction","target":{"@type":"EntryPoint","urlTemplate":"https:\/\/magmageopark.no\/?s={search_term_string}"},"query-input":{"@type":"PropertyValueSpecification","valueRequired":true,"valueName":"search_term_string"}}],"inLanguage":"en-GB"},{"@type":"Organization","@id":"https:\/\/magmageopark.no\/#organization","name":"Magma UNESCO Global Geopark","url":"https:\/\/magmageopark.no\/","logo":{"@type":"ImageObject","inLanguage":"en-GB","@id":"https:\/\/magmageopark.no\/#\/schema\/logo\/image\/","url":"https:\/\/magmageopark.no\/wp-content\/uploads\/2024\/06\/Magma-geopark-UNESCO-blaa-logo-2.png","contentUrl":"https:\/\/magmageopark.no\/wp-content\/uploads\/2024\/06\/Magma-geopark-UNESCO-blaa-logo-2.png","width":900,"height":410,"caption":"Magma UNESCO Global Geopark"},"image":{"@id":"https:\/\/magmageopark.no\/#\/schema\/logo\/image\/"},"sameAs":["https:\/\/www.facebook.com\/magmageopark\/","https:\/\/www.instagram.com\/magmageopark\/"]}]}},"_links":{"self":[{"href":"https:\/\/magmageopark.no\/en\/wp-json\/wp\/v2\/pages\/42","targetHints":{"allow":["GET"]}}],"collection":[{"href":"https:\/\/magmageopark.no\/en\/wp-json\/wp\/v2\/pages"}],"about":[{"href":"https:\/\/magmageopark.no\/en\/wp-json\/wp\/v2\/types\/page"}],"author":[{"embeddable":true,"href":"https:\/\/magmageopark.no\/en\/wp-json\/wp\/v2\/users\/1"}],"replies":[{"embeddable":true,"href":"https:\/\/magmageopark.no\/en\/wp-json\/wp\/v2\/comments?post=42"}],"version-history":[{"count":16,"href":"https:\/\/magmageopark.no\/en\/wp-json\/wp\/v2\/pages\/42\/revisions"}],"predecessor-version":[{"id":6505,"href":"https:\/\/magmageopark.no\/en\/wp-json\/wp\/v2\/pages\/42\/revisions\/6505"}],"wp:attachment":[{"href":"https:\/\/magmageopark.no\/en\/wp-json\/wp\/v2\/media?parent=42"}],"curies":[{"name":"wp","href":"https:\/\/api.w.org\/{rel}","templated":true}]}}