{"id":46,"date":"2024-04-09T11:20:53","date_gmt":"2024-04-09T09:20:53","guid":{"rendered":"https:\/\/magma.megakunder.com\/?page_id=46"},"modified":"2026-02-26T15:12:46","modified_gmt":"2026-02-26T14:12:46","slug":"geopark","status":"publish","type":"page","link":"https:\/\/magmageopark.no\/en\/geopark\/","title":{"rendered":"Geopark"},"content":{"rendered":"","protected":false},"excerpt":{"rendered":"","protected":false},"author":1,"featured_media":0,"parent":0,"menu_order":0,"comment_status":"closed","ping_status":"closed","template":"","meta":{"_acf_changed":false,"footnotes":""},"class_list":["post-46","page","type-page","status-publish","hentry"],"acf":[],"yoast_head":"<!-- This site is optimized with the Yoast SEO plugin v27.1.1 - https:\/\/yoast.com\/product\/yoast-seo-wordpress\/ -->\n<title>Geopark - Magma Geopark<\/title>\n<meta name=\"description\" content=\"Helt s\u00f8r i Rogaland finner du et omr\u00e5de med en s\u00e5 unik geologi at vi har blitt anerkjent av UNESCO. Ingen plass p\u00e5 jorden kommer du n\u00e6rmere et ekte m\u00e5nelandskap enn i Magma UNESCO Global Geopark.\" \/>\n<meta name=\"robots\" content=\"index, follow, max-snippet:-1, max-image-preview:large, max-video-preview:-1\" \/>\n<link rel=\"canonical\" href=\"https:\/\/magmageopark.no\/en\/geopark\/\" \/>\n<meta property=\"og:locale\" content=\"en_GB\" \/>\n<meta property=\"og:type\" content=\"article\" \/>\n<meta property=\"og:title\" content=\"G\u00e5 p\u00e5 m\u00e5nestein i Magma Geopark\" \/>\n<meta property=\"og:description\" content=\"Helt s\u00f8r i Rogaland finner du et omr\u00e5de med en s\u00e5 unik geologi at vi har blitt anerkjent av UNESCO. Ingen plass p\u00e5 jorden kommer du n\u00e6rmere et ekte m\u00e5nelandskap enn i Magma UNESCO Global Geopark.\" \/>\n<meta property=\"og:url\" content=\"https:\/\/magmageopark.no\/en\/geopark\/\" \/>\n<meta property=\"og:site_name\" content=\"Magma Geopark\" \/>\n<meta property=\"article:publisher\" content=\"https:\/\/www.facebook.com\/magmageopark\/\" \/>\n<meta property=\"article:modified_time\" content=\"2026-02-26T14:12:46+00:00\" \/>\n<meta property=\"og:image\" content=\"https:\/\/magmageopark.no\/wp-content\/uploads\/2024\/04\/Magma-5-Eigeroy-Fyr-Fotokreditering-TJOMLI-MEDIA.jpg\" \/>\n\t<meta property=\"og:image:width\" content=\"2500\" \/>\n\t<meta property=\"og:image:height\" content=\"1670\" \/>\n\t<meta property=\"og:image:type\" content=\"image\/jpeg\" \/>\n<meta name=\"twitter:card\" content=\"summary_large_image\" \/>\n<script type=\"application\/ld+json\" class=\"yoast-schema-graph\">{\"@context\":\"https:\/\/schema.org\",\"@graph\":[{\"@type\":\"WebPage\",\"@id\":\"https:\/\/magmageopark.no\/no\/geopark\/\",\"url\":\"https:\/\/magmageopark.no\/no\/geopark\/\",\"name\":\"Geopark - Magma Geopark\",\"isPartOf\":{\"@id\":\"https:\/\/magmageopark.no\/#website\"},\"datePublished\":\"2024-04-09T09:20:53+00:00\",\"dateModified\":\"2026-02-26T14:12:46+00:00\",\"description\":\"Helt s\u00f8r i Rogaland finner du et omr\u00e5de med en s\u00e5 unik geologi at vi har blitt anerkjent av UNESCO. Ingen plass p\u00e5 jorden kommer du n\u00e6rmere et ekte m\u00e5nelandskap enn i Magma UNESCO Global Geopark.\",\"breadcrumb\":{\"@id\":\"https:\/\/magmageopark.no\/no\/geopark\/#breadcrumb\"},\"inLanguage\":\"en-GB\",\"potentialAction\":[{\"@type\":\"ReadAction\",\"target\":[\"https:\/\/magmageopark.no\/no\/geopark\/\"]}]},{\"@type\":\"BreadcrumbList\",\"@id\":\"https:\/\/magmageopark.no\/no\/geopark\/#breadcrumb\",\"itemListElement\":[{\"@type\":\"ListItem\",\"position\":1,\"name\":\"Hjem\",\"item\":\"https:\/\/magmageopark.no\/en\/\"},{\"@type\":\"ListItem\",\"position\":2,\"name\":\"Geopark\"}]},{\"@type\":\"WebSite\",\"@id\":\"https:\/\/magmageopark.no\/#website\",\"url\":\"https:\/\/magmageopark.no\/\",\"name\":\"Magma Geopark\",\"description\":\"Walk on the moon\",\"publisher\":{\"@id\":\"https:\/\/magmageopark.no\/#organization\"},\"potentialAction\":[{\"@type\":\"SearchAction\",\"target\":{\"@type\":\"EntryPoint\",\"urlTemplate\":\"https:\/\/magmageopark.no\/?s={search_term_string}\"},\"query-input\":{\"@type\":\"PropertyValueSpecification\",\"valueRequired\":true,\"valueName\":\"search_term_string\"}}],\"inLanguage\":\"en-GB\"},{\"@type\":\"Organization\",\"@id\":\"https:\/\/magmageopark.no\/#organization\",\"name\":\"Magma UNESCO Global Geopark\",\"url\":\"https:\/\/magmageopark.no\/\",\"logo\":{\"@type\":\"ImageObject\",\"inLanguage\":\"en-GB\",\"@id\":\"https:\/\/magmageopark.no\/#\/schema\/logo\/image\/\",\"url\":\"https:\/\/magmageopark.no\/wp-content\/uploads\/2024\/06\/Magma-geopark-UNESCO-blaa-logo-2.png\",\"contentUrl\":\"https:\/\/magmageopark.no\/wp-content\/uploads\/2024\/06\/Magma-geopark-UNESCO-blaa-logo-2.png\",\"width\":900,\"height\":410,\"caption\":\"Magma UNESCO Global Geopark\"},\"image\":{\"@id\":\"https:\/\/magmageopark.no\/#\/schema\/logo\/image\/\"},\"sameAs\":[\"https:\/\/www.facebook.com\/magmageopark\/\",\"https:\/\/www.instagram.com\/magmageopark\/\"]}]}<\/script>\n<!-- \/ Yoast SEO plugin. -->","yoast_head_json":{"title":"Geopark - Magma Geopark","description":"In the far south of Rogaland, you will find an area with such unique geology that we have been recognized by UNESCO. Nowhere on Earth will you get closer to a real lunar landscape than in Magma UNESCO Global Geopark.","robots":{"index":"index","follow":"follow","max-snippet":"max-snippet:-1","max-image-preview":"max-image-preview:large","max-video-preview":"max-video-preview:-1"},"canonical":"https:\/\/magmageopark.no\/en\/geopark\/","og_locale":"en_GB","og_type":"article","og_title":"G\u00e5 p\u00e5 m\u00e5nestein i Magma Geopark","og_description":"Helt s\u00f8r i Rogaland finner du et omr\u00e5de med en s\u00e5 unik geologi at vi har blitt anerkjent av UNESCO. Ingen plass p\u00e5 jorden kommer du n\u00e6rmere et ekte m\u00e5nelandskap enn i Magma UNESCO Global Geopark.","og_url":"https:\/\/magmageopark.no\/en\/geopark\/","og_site_name":"Magma Geopark","article_publisher":"https:\/\/www.facebook.com\/magmageopark\/","article_modified_time":"2026-02-26T14:12:46+00:00","og_image":[{"width":2500,"height":1670,"url":"https:\/\/magmageopark.no\/wp-content\/uploads\/2024\/04\/Magma-5-Eigeroy-Fyr-Fotokreditering-TJOMLI-MEDIA.jpg","type":"image\/jpeg"}],"twitter_card":"summary_large_image","schema":{"@context":"https:\/\/schema.org","@graph":[{"@type":"WebPage","@id":"https:\/\/magmageopark.no\/no\/geopark\/","url":"https:\/\/magmageopark.no\/no\/geopark\/","name":"Geopark - Magma Geopark","isPartOf":{"@id":"https:\/\/magmageopark.no\/#website"},"datePublished":"2024-04-09T09:20:53+00:00","dateModified":"2026-02-26T14:12:46+00:00","description":"In the far south of Rogaland, you will find an area with such unique geology that we have been recognized by UNESCO. Nowhere on Earth will you get closer to a real lunar landscape than in Magma UNESCO Global Geopark.","breadcrumb":{"@id":"https:\/\/magmageopark.no\/no\/geopark\/#breadcrumb"},"inLanguage":"en-GB","potentialAction":[{"@type":"ReadAction","target":["https:\/\/magmageopark.no\/no\/geopark\/"]}]},{"@type":"BreadcrumbList","@id":"https:\/\/magmageopark.no\/no\/geopark\/#breadcrumb","itemListElement":[{"@type":"ListItem","position":1,"name":"Hjem","item":"https:\/\/magmageopark.no\/en\/"},{"@type":"ListItem","position":2,"name":"Geopark"}]},{"@type":"WebSite","@id":"https:\/\/magmageopark.no\/#website","url":"https:\/\/magmageopark.no\/","name":"Magma Geopark","description":"Walk on the moon","publisher":{"@id":"https:\/\/magmageopark.no\/#organization"},"potentialAction":[{"@type":"SearchAction","target":{"@type":"EntryPoint","urlTemplate":"https:\/\/magmageopark.no\/?s={search_term_string}"},"query-input":{"@type":"PropertyValueSpecification","valueRequired":true,"valueName":"search_term_string"}}],"inLanguage":"en-GB"},{"@type":"Organization","@id":"https:\/\/magmageopark.no\/#organization","name":"Magma UNESCO Global Geopark","url":"https:\/\/magmageopark.no\/","logo":{"@type":"ImageObject","inLanguage":"en-GB","@id":"https:\/\/magmageopark.no\/#\/schema\/logo\/image\/","url":"https:\/\/magmageopark.no\/wp-content\/uploads\/2024\/06\/Magma-geopark-UNESCO-blaa-logo-2.png","contentUrl":"https:\/\/magmageopark.no\/wp-content\/uploads\/2024\/06\/Magma-geopark-UNESCO-blaa-logo-2.png","width":900,"height":410,"caption":"Magma UNESCO Global Geopark"},"image":{"@id":"https:\/\/magmageopark.no\/#\/schema\/logo\/image\/"},"sameAs":["https:\/\/www.facebook.com\/magmageopark\/","https:\/\/www.instagram.com\/magmageopark\/"]}]}},"_links":{"self":[{"href":"https:\/\/magmageopark.no\/en\/wp-json\/wp\/v2\/pages\/46","targetHints":{"allow":["GET"]}}],"collection":[{"href":"https:\/\/magmageopark.no\/en\/wp-json\/wp\/v2\/pages"}],"about":[{"href":"https:\/\/magmageopark.no\/en\/wp-json\/wp\/v2\/types\/page"}],"author":[{"embeddable":true,"href":"https:\/\/magmageopark.no\/en\/wp-json\/wp\/v2\/users\/1"}],"replies":[{"embeddable":true,"href":"https:\/\/magmageopark.no\/en\/wp-json\/wp\/v2\/comments?post=46"}],"version-history":[{"count":9,"href":"https:\/\/magmageopark.no\/en\/wp-json\/wp\/v2\/pages\/46\/revisions"}],"predecessor-version":[{"id":11404,"href":"https:\/\/magmageopark.no\/en\/wp-json\/wp\/v2\/pages\/46\/revisions\/11404"}],"wp:attachment":[{"href":"https:\/\/magmageopark.no\/en\/wp-json\/wp\/v2\/media?parent=46"}],"curies":[{"name":"wp","href":"https:\/\/api.w.org\/{rel}","templated":true}]}}