{"id":1268,"date":"2024-05-30T12:47:07","date_gmt":"2024-05-30T10:47:07","guid":{"rendered":"https:\/\/magma.megakunder.com\/?page_id=1268"},"modified":"2025-07-04T14:25:33","modified_gmt":"2025-07-04T12:25:33","slug":"destinasjon-lund","status":"publish","type":"page","link":"https:\/\/magmageopark.no\/no\/destinasjoner\/destinasjon-lund\/","title":{"rendered":"Destinasjon Lund (old)"},"content":{"rendered":"","protected":false},"excerpt":{"rendered":"","protected":false},"author":1,"featured_media":0,"parent":48,"menu_order":0,"comment_status":"closed","ping_status":"closed","template":"","meta":{"_acf_changed":false,"footnotes":""},"class_list":["post-1268","page","type-page","status-publish","hentry"],"acf":[],"yoast_head":"<!-- This site is optimized with the Yoast SEO plugin v27.1.1 - https:\/\/yoast.com\/product\/yoast-seo-wordpress\/ -->\n<title>Destinasjon Lund (old) - Magma Geopark<\/title>\n<meta name=\"description\" content=\"Velkommen til Lund kommune i Magma Geopark. Lund ligger ved vakre Lundevannet, midt blant majestetiske fjell. Stedet er kjent for sitt lokalhistoriske museum og spennende gruvehistorie. S\u00e6traomr\u00e5det er godt bes\u00f8kt b\u00e5de sommer og vinter, med flotte skil\u00f8yper og luftige fjellturer.\" \/>\n<meta name=\"robots\" content=\"index, follow, max-snippet:-1, max-image-preview:large, max-video-preview:-1\" \/>\n<link rel=\"canonical\" href=\"https:\/\/magmageopark.no\/no\/destinasjoner\/destinasjon-lund\/\" \/>\n<meta property=\"og:locale\" content=\"nb_NO\" \/>\n<meta property=\"og:type\" content=\"article\" \/>\n<meta property=\"og:title\" content=\"Velkommen til Lund kommune i Magma Geopark\" \/>\n<meta property=\"og:description\" content=\"Lund ligger ved vakre Lundevannet, midt blant majestetiske fjell. Stedet er kjent for sitt lokalhistoriske museum og spennende gruvehistorie. S\u00e6traomr\u00e5det er godt bes\u00f8kt b\u00e5de sommer og vinter, med flotte skil\u00f8yper og luftige fjellturer.\" \/>\n<meta property=\"og:url\" content=\"https:\/\/magmageopark.no\/no\/destinasjoner\/destinasjon-lund\/\" \/>\n<meta property=\"og:site_name\" content=\"Magma Geopark\" \/>\n<meta property=\"article:publisher\" content=\"https:\/\/www.facebook.com\/magmageopark\/\" \/>\n<meta property=\"article:modified_time\" content=\"2025-07-04T12:25:33+00:00\" \/>\n<meta property=\"og:image\" content=\"https:\/\/magmageopark.no\/wp-content\/uploads\/2024\/05\/tronasen5.jpg\" \/>\n\t<meta property=\"og:image:width\" content=\"2048\" \/>\n\t<meta property=\"og:image:height\" content=\"1363\" \/>\n\t<meta property=\"og:image:type\" content=\"image\/jpeg\" \/>\n<meta name=\"twitter:card\" content=\"summary_large_image\" \/>\n<script type=\"application\/ld+json\" class=\"yoast-schema-graph\">{\"@context\":\"https:\/\/schema.org\",\"@graph\":[{\"@type\":\"WebPage\",\"@id\":\"https:\/\/magmageopark.no\/destinasjoner\/destinasjon-lund\/\",\"url\":\"https:\/\/magmageopark.no\/destinasjoner\/destinasjon-lund\/\",\"name\":\"Destinasjon Lund (old) - Magma Geopark\",\"isPartOf\":{\"@id\":\"https:\/\/magmageopark.no\/#website\"},\"datePublished\":\"2024-05-30T10:47:07+00:00\",\"dateModified\":\"2025-07-04T12:25:33+00:00\",\"description\":\"Velkommen til Lund kommune i Magma Geopark. Lund ligger ved vakre Lundevannet, midt blant majestetiske fjell. Stedet er kjent for sitt lokalhistoriske museum og spennende gruvehistorie. S\u00e6traomr\u00e5det er godt bes\u00f8kt b\u00e5de sommer og vinter, med flotte skil\u00f8yper og luftige fjellturer.\",\"breadcrumb\":{\"@id\":\"https:\/\/magmageopark.no\/destinasjoner\/destinasjon-lund\/#breadcrumb\"},\"inLanguage\":\"nb-NO\",\"potentialAction\":[{\"@type\":\"ReadAction\",\"target\":[\"https:\/\/magmageopark.no\/destinasjoner\/destinasjon-lund\/\"]}]},{\"@type\":\"BreadcrumbList\",\"@id\":\"https:\/\/magmageopark.no\/destinasjoner\/destinasjon-lund\/#breadcrumb\",\"itemListElement\":[{\"@type\":\"ListItem\",\"position\":1,\"name\":\"Hjem\",\"item\":\"https:\/\/magmageopark.no\/en\/\"},{\"@type\":\"ListItem\",\"position\":2,\"name\":\"Destinasjoner\",\"item\":\"https:\/\/magmageopark.no\/no\/destinasjoner\/\"},{\"@type\":\"ListItem\",\"position\":3,\"name\":\"Destinasjon Lund (old)\"}]},{\"@type\":\"WebSite\",\"@id\":\"https:\/\/magmageopark.no\/#website\",\"url\":\"https:\/\/magmageopark.no\/\",\"name\":\"Magma Geopark\",\"description\":\"Walk on the moon\",\"publisher\":{\"@id\":\"https:\/\/magmageopark.no\/#organization\"},\"potentialAction\":[{\"@type\":\"SearchAction\",\"target\":{\"@type\":\"EntryPoint\",\"urlTemplate\":\"https:\/\/magmageopark.no\/?s={search_term_string}\"},\"query-input\":{\"@type\":\"PropertyValueSpecification\",\"valueRequired\":true,\"valueName\":\"search_term_string\"}}],\"inLanguage\":\"nb-NO\"},{\"@type\":\"Organization\",\"@id\":\"https:\/\/magmageopark.no\/#organization\",\"name\":\"Magma UNESCO Global Geopark\",\"url\":\"https:\/\/magmageopark.no\/\",\"logo\":{\"@type\":\"ImageObject\",\"inLanguage\":\"nb-NO\",\"@id\":\"https:\/\/magmageopark.no\/#\/schema\/logo\/image\/\",\"url\":\"https:\/\/magmageopark.no\/wp-content\/uploads\/2024\/06\/Magma-geopark-UNESCO-blaa-logo-2.png\",\"contentUrl\":\"https:\/\/magmageopark.no\/wp-content\/uploads\/2024\/06\/Magma-geopark-UNESCO-blaa-logo-2.png\",\"width\":900,\"height\":410,\"caption\":\"Magma UNESCO Global Geopark\"},\"image\":{\"@id\":\"https:\/\/magmageopark.no\/#\/schema\/logo\/image\/\"},\"sameAs\":[\"https:\/\/www.facebook.com\/magmageopark\/\",\"https:\/\/www.instagram.com\/magmageopark\/\"]}]}<\/script>\n<!-- \/ Yoast SEO plugin. -->","yoast_head_json":{"title":"Destinasjon Lund (old) - Magma Geopark","description":"Velkommen til Lund kommune i Magma Geopark. Lund ligger ved vakre Lundevannet, midt blant majestetiske fjell. Stedet er kjent for sitt lokalhistoriske museum og spennende gruvehistorie. S\u00e6traomr\u00e5det er godt bes\u00f8kt b\u00e5de sommer og vinter, med flotte skil\u00f8yper og luftige fjellturer.","robots":{"index":"index","follow":"follow","max-snippet":"max-snippet:-1","max-image-preview":"max-image-preview:large","max-video-preview":"max-video-preview:-1"},"canonical":"https:\/\/magmageopark.no\/no\/destinasjoner\/destinasjon-lund\/","og_locale":"nb_NO","og_type":"article","og_title":"Velkommen til Lund kommune i Magma Geopark","og_description":"Lund ligger ved vakre Lundevannet, midt blant majestetiske fjell. Stedet er kjent for sitt lokalhistoriske museum og spennende gruvehistorie. S\u00e6traomr\u00e5det er godt bes\u00f8kt b\u00e5de sommer og vinter, med flotte skil\u00f8yper og luftige fjellturer.","og_url":"https:\/\/magmageopark.no\/no\/destinasjoner\/destinasjon-lund\/","og_site_name":"Magma Geopark","article_publisher":"https:\/\/www.facebook.com\/magmageopark\/","article_modified_time":"2025-07-04T12:25:33+00:00","og_image":[{"width":2048,"height":1363,"url":"https:\/\/magmageopark.no\/wp-content\/uploads\/2024\/05\/tronasen5.jpg","type":"image\/jpeg"}],"twitter_card":"summary_large_image","schema":{"@context":"https:\/\/schema.org","@graph":[{"@type":"WebPage","@id":"https:\/\/magmageopark.no\/destinasjoner\/destinasjon-lund\/","url":"https:\/\/magmageopark.no\/destinasjoner\/destinasjon-lund\/","name":"Destinasjon Lund (old) - Magma Geopark","isPartOf":{"@id":"https:\/\/magmageopark.no\/#website"},"datePublished":"2024-05-30T10:47:07+00:00","dateModified":"2025-07-04T12:25:33+00:00","description":"Velkommen til Lund kommune i Magma Geopark. Lund ligger ved vakre Lundevannet, midt blant majestetiske fjell. Stedet er kjent for sitt lokalhistoriske museum og spennende gruvehistorie. S\u00e6traomr\u00e5det er godt bes\u00f8kt b\u00e5de sommer og vinter, med flotte skil\u00f8yper og luftige fjellturer.","breadcrumb":{"@id":"https:\/\/magmageopark.no\/destinasjoner\/destinasjon-lund\/#breadcrumb"},"inLanguage":"nb-NO","potentialAction":[{"@type":"ReadAction","target":["https:\/\/magmageopark.no\/destinasjoner\/destinasjon-lund\/"]}]},{"@type":"BreadcrumbList","@id":"https:\/\/magmageopark.no\/destinasjoner\/destinasjon-lund\/#breadcrumb","itemListElement":[{"@type":"ListItem","position":1,"name":"Hjem","item":"https:\/\/magmageopark.no\/en\/"},{"@type":"ListItem","position":2,"name":"Destinasjoner","item":"https:\/\/magmageopark.no\/no\/destinasjoner\/"},{"@type":"ListItem","position":3,"name":"Destinasjon Lund (old)"}]},{"@type":"WebSite","@id":"https:\/\/magmageopark.no\/#website","url":"https:\/\/magmageopark.no\/","name":"Magma Geopark","description":"Walk on the moon","publisher":{"@id":"https:\/\/magmageopark.no\/#organization"},"potentialAction":[{"@type":"SearchAction","target":{"@type":"EntryPoint","urlTemplate":"https:\/\/magmageopark.no\/?s={search_term_string}"},"query-input":{"@type":"PropertyValueSpecification","valueRequired":true,"valueName":"search_term_string"}}],"inLanguage":"nb-NO"},{"@type":"Organization","@id":"https:\/\/magmageopark.no\/#organization","name":"Magma UNESCO Global Geopark","url":"https:\/\/magmageopark.no\/","logo":{"@type":"ImageObject","inLanguage":"nb-NO","@id":"https:\/\/magmageopark.no\/#\/schema\/logo\/image\/","url":"https:\/\/magmageopark.no\/wp-content\/uploads\/2024\/06\/Magma-geopark-UNESCO-blaa-logo-2.png","contentUrl":"https:\/\/magmageopark.no\/wp-content\/uploads\/2024\/06\/Magma-geopark-UNESCO-blaa-logo-2.png","width":900,"height":410,"caption":"Magma UNESCO Global Geopark"},"image":{"@id":"https:\/\/magmageopark.no\/#\/schema\/logo\/image\/"},"sameAs":["https:\/\/www.facebook.com\/magmageopark\/","https:\/\/www.instagram.com\/magmageopark\/"]}]}},"_links":{"self":[{"href":"https:\/\/magmageopark.no\/no\/wp-json\/wp\/v2\/pages\/1268","targetHints":{"allow":["GET"]}}],"collection":[{"href":"https:\/\/magmageopark.no\/no\/wp-json\/wp\/v2\/pages"}],"about":[{"href":"https:\/\/magmageopark.no\/no\/wp-json\/wp\/v2\/types\/page"}],"author":[{"embeddable":true,"href":"https:\/\/magmageopark.no\/no\/wp-json\/wp\/v2\/users\/1"}],"replies":[{"embeddable":true,"href":"https:\/\/magmageopark.no\/no\/wp-json\/wp\/v2\/comments?post=1268"}],"version-history":[{"count":16,"href":"https:\/\/magmageopark.no\/no\/wp-json\/wp\/v2\/pages\/1268\/revisions"}],"predecessor-version":[{"id":9100,"href":"https:\/\/magmageopark.no\/no\/wp-json\/wp\/v2\/pages\/1268\/revisions\/9100"}],"up":[{"embeddable":true,"href":"https:\/\/magmageopark.no\/no\/wp-json\/wp\/v2\/pages\/48"}],"wp:attachment":[{"href":"https:\/\/magmageopark.no\/no\/wp-json\/wp\/v2\/media?parent=1268"}],"curies":[{"name":"wp","href":"https:\/\/api.w.org\/{rel}","templated":true}]}}