{"id":6,"date":"2024-03-14T14:24:07","date_gmt":"2024-03-14T13:24:07","guid":{"rendered":"https:\/\/magma.megakunder.com\/?page_id=6"},"modified":"2026-03-24T12:14:49","modified_gmt":"2026-03-24T11:14:49","slug":"forside","status":"publish","type":"page","link":"https:\/\/magmageopark.no\/no\/","title":{"rendered":"Magma Geopark"},"content":{"rendered":"","protected":false},"excerpt":{"rendered":"","protected":false},"author":1,"featured_media":0,"parent":0,"menu_order":0,"comment_status":"closed","ping_status":"closed","template":"","meta":{"_acf_changed":false,"footnotes":""},"class_list":["post-6","page","type-page","status-publish","hentry"],"acf":[],"yoast_head":"<!-- This site is optimized with the Yoast SEO plugin v27.1.1 - https:\/\/yoast.com\/product\/yoast-seo-wordpress\/ -->\n<title>Magma Geopark - Magma Geopark<\/title>\n<meta name=\"description\" content=\"Her kan du oppleve geologi av internasjonal betydning, anerkjent av UNESCO, men ogs\u00e5 historiske trehusbyer, vakker kystnatur, yrende kulturliv og flotte turer i m\u00e5nelandskapet. Velkommen skal du v\u00e6erree!\" \/>\n<meta name=\"robots\" content=\"index, follow, max-snippet:-1, max-image-preview:large, max-video-preview:-1\" \/>\n<link rel=\"canonical\" href=\"https:\/\/magmageopark.no\/no\/\" \/>\n<meta property=\"og:locale\" content=\"nb_NO\" \/>\n<meta property=\"og:type\" content=\"article\" \/>\n<meta property=\"og:title\" content=\"Magma UNESCO Global Geopark\" \/>\n<meta property=\"og:description\" content=\"I omr\u00e5det kan du oppleve geologi av internasjonal betydning, anerkjent av UNESCO, men ogs\u00e5 historiske trehusbyer, vakker kystnatur, yrende kulturliv og flotte turer i m\u00e5nelandskapet. Velkommen skal du v\u00e6re!\" \/>\n<meta property=\"og:url\" content=\"https:\/\/magmageopark.no\/no\/\" \/>\n<meta property=\"og:site_name\" content=\"Magma Geopark\" \/>\n<meta property=\"article:publisher\" content=\"https:\/\/www.facebook.com\/magmageopark\/\" \/>\n<meta property=\"article:modified_time\" content=\"2026-03-24T11:14:49+00:00\" \/>\n<meta property=\"og:image\" content=\"https:\/\/magmageopark.no\/wp-content\/uploads\/2024\/04\/Magma-7-Eigeroy-Fyr-Fotokreditering-TJOMLI-MEDIA.jpg\" \/>\n\t<meta property=\"og:image:width\" content=\"2500\" \/>\n\t<meta property=\"og:image:height\" content=\"1404\" \/>\n\t<meta property=\"og:image:type\" content=\"image\/jpeg\" \/>\n<meta name=\"twitter:card\" content=\"summary_large_image\" \/>\n<script type=\"application\/ld+json\" class=\"yoast-schema-graph\">{\"@context\":\"https:\/\/schema.org\",\"@graph\":[{\"@type\":\"WebPage\",\"@id\":\"https:\/\/magmageopark.no\/en\/\",\"url\":\"https:\/\/magmageopark.no\/en\/\",\"name\":\"Magma Geopark - Magma Geopark\",\"isPartOf\":{\"@id\":\"https:\/\/magmageopark.no\/#website\"},\"datePublished\":\"2024-03-14T13:24:07+00:00\",\"dateModified\":\"2026-03-24T11:14:49+00:00\",\"description\":\"Her kan du oppleve geologi av internasjonal betydning, anerkjent av UNESCO, men ogs\u00e5 historiske trehusbyer, vakker kystnatur, yrende kulturliv og flotte turer i m\u00e5nelandskapet. Velkommen skal du v\u00e6erree!\",\"breadcrumb\":{\"@id\":\"https:\/\/magmageopark.no\/en\/#breadcrumb\"},\"inLanguage\":\"nb-NO\",\"potentialAction\":[{\"@type\":\"ReadAction\",\"target\":[\"https:\/\/magmageopark.no\/en\/\"]}]},{\"@type\":\"BreadcrumbList\",\"@id\":\"https:\/\/magmageopark.no\/en\/#breadcrumb\",\"itemListElement\":[{\"@type\":\"ListItem\",\"position\":1,\"name\":\"Hjem\",\"item\":\"https:\/\/magmageopark.no\/en\/\"},{\"@type\":\"ListItem\",\"position\":2,\"name\":\"Magma Geopark\"}]},{\"@type\":\"WebSite\",\"@id\":\"https:\/\/magmageopark.no\/#website\",\"url\":\"https:\/\/magmageopark.no\/\",\"name\":\"Magma Geopark\",\"description\":\"Walk on the moon\",\"publisher\":{\"@id\":\"https:\/\/magmageopark.no\/#organization\"},\"potentialAction\":[{\"@type\":\"SearchAction\",\"target\":{\"@type\":\"EntryPoint\",\"urlTemplate\":\"https:\/\/magmageopark.no\/?s={search_term_string}\"},\"query-input\":{\"@type\":\"PropertyValueSpecification\",\"valueRequired\":true,\"valueName\":\"search_term_string\"}}],\"inLanguage\":\"nb-NO\"},{\"@type\":\"Organization\",\"@id\":\"https:\/\/magmageopark.no\/#organization\",\"name\":\"Magma UNESCO Global Geopark\",\"url\":\"https:\/\/magmageopark.no\/\",\"logo\":{\"@type\":\"ImageObject\",\"inLanguage\":\"nb-NO\",\"@id\":\"https:\/\/magmageopark.no\/#\/schema\/logo\/image\/\",\"url\":\"https:\/\/magmageopark.no\/wp-content\/uploads\/2024\/06\/Magma-geopark-UNESCO-blaa-logo-2.png\",\"contentUrl\":\"https:\/\/magmageopark.no\/wp-content\/uploads\/2024\/06\/Magma-geopark-UNESCO-blaa-logo-2.png\",\"width\":900,\"height\":410,\"caption\":\"Magma UNESCO Global Geopark\"},\"image\":{\"@id\":\"https:\/\/magmageopark.no\/#\/schema\/logo\/image\/\"},\"sameAs\":[\"https:\/\/www.facebook.com\/magmageopark\/\",\"https:\/\/www.instagram.com\/magmageopark\/\"]}]}<\/script>\n<!-- \/ Yoast SEO plugin. -->","yoast_head_json":{"title":"Magma Geopark - Magma Geopark","description":"Her kan du oppleve geologi av internasjonal betydning, anerkjent av UNESCO, men ogs\u00e5 historiske trehusbyer, vakker kystnatur, yrende kulturliv og flotte turer i m\u00e5nelandskapet. Velkommen skal du v\u00e6erree!","robots":{"index":"index","follow":"follow","max-snippet":"max-snippet:-1","max-image-preview":"max-image-preview:large","max-video-preview":"max-video-preview:-1"},"canonical":"https:\/\/magmageopark.no\/no\/","og_locale":"nb_NO","og_type":"article","og_title":"Magma UNESCO Global Geopark","og_description":"I omr\u00e5det kan du oppleve geologi av internasjonal betydning, anerkjent av UNESCO, men ogs\u00e5 historiske trehusbyer, vakker kystnatur, yrende kulturliv og flotte turer i m\u00e5nelandskapet. Velkommen skal du v\u00e6re!","og_url":"https:\/\/magmageopark.no\/no\/","og_site_name":"Magma Geopark","article_publisher":"https:\/\/www.facebook.com\/magmageopark\/","article_modified_time":"2026-03-24T11:14:49+00:00","og_image":[{"width":2500,"height":1404,"url":"https:\/\/magmageopark.no\/wp-content\/uploads\/2024\/04\/Magma-7-Eigeroy-Fyr-Fotokreditering-TJOMLI-MEDIA.jpg","type":"image\/jpeg"}],"twitter_card":"summary_large_image","schema":{"@context":"https:\/\/schema.org","@graph":[{"@type":"WebPage","@id":"https:\/\/magmageopark.no\/en\/","url":"https:\/\/magmageopark.no\/en\/","name":"Magma Geopark - Magma Geopark","isPartOf":{"@id":"https:\/\/magmageopark.no\/#website"},"datePublished":"2024-03-14T13:24:07+00:00","dateModified":"2026-03-24T11:14:49+00:00","description":"Her kan du oppleve geologi av internasjonal betydning, anerkjent av UNESCO, men ogs\u00e5 historiske trehusbyer, vakker kystnatur, yrende kulturliv og flotte turer i m\u00e5nelandskapet. Velkommen skal du v\u00e6erree!","breadcrumb":{"@id":"https:\/\/magmageopark.no\/en\/#breadcrumb"},"inLanguage":"nb-NO","potentialAction":[{"@type":"ReadAction","target":["https:\/\/magmageopark.no\/en\/"]}]},{"@type":"BreadcrumbList","@id":"https:\/\/magmageopark.no\/en\/#breadcrumb","itemListElement":[{"@type":"ListItem","position":1,"name":"Hjem","item":"https:\/\/magmageopark.no\/en\/"},{"@type":"ListItem","position":2,"name":"Magma Geopark"}]},{"@type":"WebSite","@id":"https:\/\/magmageopark.no\/#website","url":"https:\/\/magmageopark.no\/","name":"Magma Geopark","description":"Walk on the moon","publisher":{"@id":"https:\/\/magmageopark.no\/#organization"},"potentialAction":[{"@type":"SearchAction","target":{"@type":"EntryPoint","urlTemplate":"https:\/\/magmageopark.no\/?s={search_term_string}"},"query-input":{"@type":"PropertyValueSpecification","valueRequired":true,"valueName":"search_term_string"}}],"inLanguage":"nb-NO"},{"@type":"Organization","@id":"https:\/\/magmageopark.no\/#organization","name":"Magma UNESCO Global Geopark","url":"https:\/\/magmageopark.no\/","logo":{"@type":"ImageObject","inLanguage":"nb-NO","@id":"https:\/\/magmageopark.no\/#\/schema\/logo\/image\/","url":"https:\/\/magmageopark.no\/wp-content\/uploads\/2024\/06\/Magma-geopark-UNESCO-blaa-logo-2.png","contentUrl":"https:\/\/magmageopark.no\/wp-content\/uploads\/2024\/06\/Magma-geopark-UNESCO-blaa-logo-2.png","width":900,"height":410,"caption":"Magma UNESCO Global Geopark"},"image":{"@id":"https:\/\/magmageopark.no\/#\/schema\/logo\/image\/"},"sameAs":["https:\/\/www.facebook.com\/magmageopark\/","https:\/\/www.instagram.com\/magmageopark\/"]}]}},"_links":{"self":[{"href":"https:\/\/magmageopark.no\/no\/wp-json\/wp\/v2\/pages\/6","targetHints":{"allow":["GET"]}}],"collection":[{"href":"https:\/\/magmageopark.no\/no\/wp-json\/wp\/v2\/pages"}],"about":[{"href":"https:\/\/magmageopark.no\/no\/wp-json\/wp\/v2\/types\/page"}],"author":[{"embeddable":true,"href":"https:\/\/magmageopark.no\/no\/wp-json\/wp\/v2\/users\/1"}],"replies":[{"embeddable":true,"href":"https:\/\/magmageopark.no\/no\/wp-json\/wp\/v2\/comments?post=6"}],"version-history":[{"count":9,"href":"https:\/\/magmageopark.no\/no\/wp-json\/wp\/v2\/pages\/6\/revisions"}],"predecessor-version":[{"id":11694,"href":"https:\/\/magmageopark.no\/no\/wp-json\/wp\/v2\/pages\/6\/revisions\/11694"}],"wp:attachment":[{"href":"https:\/\/magmageopark.no\/no\/wp-json\/wp\/v2\/media?parent=6"}],"curies":[{"name":"wp","href":"https:\/\/api.w.org\/{rel}","templated":true}]}}