{"id":8328,"date":"2025-05-26T13:56:08","date_gmt":"2025-05-26T11:56:08","guid":{"rendered":"https:\/\/magmageopark.no\/?page_id=8328"},"modified":"2025-11-28T15:05:32","modified_gmt":"2025-11-28T14:05:32","slug":"kunst-og-kultur-i-egersund","status":"publish","type":"page","link":"https:\/\/magmageopark.no\/no\/destinasjoner\/egersund\/kunst-og-kultur-i-egersund\/","title":{"rendered":"Kunst og kultur i Egersund"},"content":{"rendered":"","protected":false},"excerpt":{"rendered":"","protected":false},"author":1,"featured_media":4654,"parent":6054,"menu_order":0,"comment_status":"closed","ping_status":"closed","template":"","meta":{"_acf_changed":false,"footnotes":""},"class_list":["post-8328","page","type-page","status-publish","has-post-thumbnail","hentry"],"acf":[],"yoast_head":"<!-- This site is optimized with the Yoast SEO plugin v27.1.1 - https:\/\/yoast.com\/product\/yoast-seo-wordpress\/ -->\n<title>Kunst og kultur i Egersund - Magma Geopark<\/title>\n<meta name=\"description\" content=\"Velkommen til den fargerike trehusbyen. Egersund byr p\u00e5 et stort utvalg tilrettelagte muligheter for \u00e5 oppleve kyst, by, skog og fjell \u2013 p\u00e5 en og samme dag! Utforsk m\u00e5nelandskap p\u00e5 vei til den verdenskjente Trollpikken, bli inspirert av den ville kysten n\u00e5r du ser Eiger\u00f8y fyr i horisonten og kom tilbake til sentrum for \u00e5 oppleve den gamle trehusbebyggelsen i sin historisk betinget fargerike prakt. Smakfulle nytelser og uforglemmelige aktiviteter venter i k\u00f8 \u2013 kun en time fra Stavanger.\" \/>\n<meta name=\"robots\" content=\"index, follow, max-snippet:-1, max-image-preview:large, max-video-preview:-1\" \/>\n<link rel=\"canonical\" href=\"https:\/\/magmageopark.no\/no\/destinasjoner\/egersund\/kunst-og-kultur-i-egersund\/\" \/>\n<meta property=\"og:locale\" content=\"nb_NO\" \/>\n<meta property=\"og:type\" content=\"article\" \/>\n<meta property=\"og:title\" content=\"Velkommen til den fargerike trehusbyen\" \/>\n<meta property=\"og:description\" content=\"Egersund byr p\u00e5 et stort utvalg tilrettelagte muligheter for \u00e5 oppleve kyst, by, skog og fjell \u2013 p\u00e5 en og samme dag! Utforsk m\u00e5nelandskap p\u00e5 vei til den verdenskjente Trollpikken, bli inspirert av den ville kysten n\u00e5r du ser Eiger\u00f8y fyr i horisonten og kom tilbake til sentrum for \u00e5 oppleve den gamle trehusbebyggelsen i sin historisk betinget fargerike prakt. Smakfulle nytelser og uforglemmelige aktiviteter venter i k\u00f8 \u2013 kun en time fra Stavanger.\" \/>\n<meta property=\"og:url\" content=\"https:\/\/magmageopark.no\/no\/destinasjoner\/egersund\/kunst-og-kultur-i-egersund\/\" \/>\n<meta property=\"og:site_name\" content=\"Magma Geopark\" \/>\n<meta property=\"article:publisher\" content=\"https:\/\/www.facebook.com\/magmageopark\/\" \/>\n<meta property=\"article:modified_time\" content=\"2025-11-28T14:05:32+00:00\" \/>\n<meta property=\"og:image\" content=\"https:\/\/magmageopark.no\/wp-content\/uploads\/2024\/06\/20200716-_68A9673-Edit-scaled.jpg\" \/>\n\t<meta property=\"og:image:width\" content=\"2560\" \/>\n\t<meta property=\"og:image:height\" content=\"1920\" \/>\n\t<meta property=\"og:image:type\" content=\"image\/jpeg\" \/>\n<meta name=\"twitter:card\" content=\"summary_large_image\" \/>\n<meta name=\"twitter:label1\" content=\"Ansl. lesetid\" \/>\n\t<meta name=\"twitter:data1\" content=\"9 minutter\" \/>\n<script type=\"application\/ld+json\" class=\"yoast-schema-graph\">{\"@context\":\"https:\/\/schema.org\",\"@graph\":[{\"@type\":\"WebPage\",\"@id\":\"https:\/\/magmageopark.no\/no\/destinasjoner\/egersund\/kunst-og-kultur-i-egersund\/\",\"url\":\"https:\/\/magmageopark.no\/no\/destinasjoner\/egersund\/kunst-og-kultur-i-egersund\/\",\"name\":\"Kunst og kultur i Egersund - Magma Geopark\",\"isPartOf\":{\"@id\":\"https:\/\/magmageopark.no\/#website\"},\"primaryImageOfPage\":{\"@id\":\"https:\/\/magmageopark.no\/no\/destinasjoner\/egersund\/kunst-og-kultur-i-egersund\/#primaryimage\"},\"image\":{\"@id\":\"https:\/\/magmageopark.no\/no\/destinasjoner\/egersund\/kunst-og-kultur-i-egersund\/#primaryimage\"},\"thumbnailUrl\":\"https:\/\/magmageopark.no\/wp-content\/uploads\/2024\/06\/20231018-_L0A2576-Edit-scaled.jpg\",\"datePublished\":\"2025-05-26T11:56:08+00:00\",\"dateModified\":\"2025-11-28T14:05:32+00:00\",\"description\":\"Velkommen til den fargerike trehusbyen. Egersund byr p\u00e5 et stort utvalg tilrettelagte muligheter for \u00e5 oppleve kyst, by, skog og fjell \u2013 p\u00e5 en og samme dag! Utforsk m\u00e5nelandskap p\u00e5 vei til den verdenskjente Trollpikken, bli inspirert av den ville kysten n\u00e5r du ser Eiger\u00f8y fyr i horisonten og kom tilbake til sentrum for \u00e5 oppleve den gamle trehusbebyggelsen i sin historisk betinget fargerike prakt. Smakfulle nytelser og uforglemmelige aktiviteter venter i k\u00f8 \u2013 kun en time fra Stavanger.\",\"breadcrumb\":{\"@id\":\"https:\/\/magmageopark.no\/no\/destinasjoner\/egersund\/kunst-og-kultur-i-egersund\/#breadcrumb\"},\"inLanguage\":\"nb-NO\",\"potentialAction\":[{\"@type\":\"ReadAction\",\"target\":[\"https:\/\/magmageopark.no\/no\/destinasjoner\/egersund\/kunst-og-kultur-i-egersund\/\"]}]},{\"@type\":\"ImageObject\",\"inLanguage\":\"nb-NO\",\"@id\":\"https:\/\/magmageopark.no\/no\/destinasjoner\/egersund\/kunst-og-kultur-i-egersund\/#primaryimage\",\"url\":\"https:\/\/magmageopark.no\/wp-content\/uploads\/2024\/06\/20231018-_L0A2576-Edit-scaled.jpg\",\"contentUrl\":\"https:\/\/magmageopark.no\/wp-content\/uploads\/2024\/06\/20231018-_L0A2576-Edit-scaled.jpg\",\"width\":2560,\"height\":1707,\"caption\":\"Foto:Egersund Fayancemuseum\"},{\"@type\":\"BreadcrumbList\",\"@id\":\"https:\/\/magmageopark.no\/no\/destinasjoner\/egersund\/kunst-og-kultur-i-egersund\/#breadcrumb\",\"itemListElement\":[{\"@type\":\"ListItem\",\"position\":1,\"name\":\"Hjem\",\"item\":\"https:\/\/magmageopark.no\/en\/\"},{\"@type\":\"ListItem\",\"position\":2,\"name\":\"Destinasjoner\",\"item\":\"https:\/\/magmageopark.no\/no\/destinasjoner\/\"},{\"@type\":\"ListItem\",\"position\":3,\"name\":\"Egersund\",\"item\":\"https:\/\/magmageopark.no\/no\/destinasjoner\/egersund\/\"},{\"@type\":\"ListItem\",\"position\":4,\"name\":\"Kunst og kultur i Egersund\"}]},{\"@type\":\"WebSite\",\"@id\":\"https:\/\/magmageopark.no\/#website\",\"url\":\"https:\/\/magmageopark.no\/\",\"name\":\"Magma Geopark\",\"description\":\"Walk on the moon\",\"publisher\":{\"@id\":\"https:\/\/magmageopark.no\/#organization\"},\"potentialAction\":[{\"@type\":\"SearchAction\",\"target\":{\"@type\":\"EntryPoint\",\"urlTemplate\":\"https:\/\/magmageopark.no\/?s={search_term_string}\"},\"query-input\":{\"@type\":\"PropertyValueSpecification\",\"valueRequired\":true,\"valueName\":\"search_term_string\"}}],\"inLanguage\":\"nb-NO\"},{\"@type\":\"Organization\",\"@id\":\"https:\/\/magmageopark.no\/#organization\",\"name\":\"Magma UNESCO Global Geopark\",\"url\":\"https:\/\/magmageopark.no\/\",\"logo\":{\"@type\":\"ImageObject\",\"inLanguage\":\"nb-NO\",\"@id\":\"https:\/\/magmageopark.no\/#\/schema\/logo\/image\/\",\"url\":\"https:\/\/magmageopark.no\/wp-content\/uploads\/2024\/06\/Magma-geopark-UNESCO-blaa-logo-2.png\",\"contentUrl\":\"https:\/\/magmageopark.no\/wp-content\/uploads\/2024\/06\/Magma-geopark-UNESCO-blaa-logo-2.png\",\"width\":900,\"height\":410,\"caption\":\"Magma UNESCO Global Geopark\"},\"image\":{\"@id\":\"https:\/\/magmageopark.no\/#\/schema\/logo\/image\/\"},\"sameAs\":[\"https:\/\/www.facebook.com\/magmageopark\/\",\"https:\/\/www.instagram.com\/magmageopark\/\"]}]}<\/script>\n<!-- \/ Yoast SEO plugin. -->","yoast_head_json":{"title":"Kunst og kultur i Egersund - Magma Geopark","description":"Velkommen til den fargerike trehusbyen. Egersund byr p\u00e5 et stort utvalg tilrettelagte muligheter for \u00e5 oppleve kyst, by, skog og fjell \u2013 p\u00e5 en og samme dag! Utforsk m\u00e5nelandskap p\u00e5 vei til den verdenskjente Trollpikken, bli inspirert av den ville kysten n\u00e5r du ser Eiger\u00f8y fyr i horisonten og kom tilbake til sentrum for \u00e5 oppleve den gamle trehusbebyggelsen i sin historisk betinget fargerike prakt. Smakfulle nytelser og uforglemmelige aktiviteter venter i k\u00f8 \u2013 kun en time fra Stavanger.","robots":{"index":"index","follow":"follow","max-snippet":"max-snippet:-1","max-image-preview":"max-image-preview:large","max-video-preview":"max-video-preview:-1"},"canonical":"https:\/\/magmageopark.no\/no\/destinasjoner\/egersund\/kunst-og-kultur-i-egersund\/","og_locale":"nb_NO","og_type":"article","og_title":"Velkommen til den fargerike trehusbyen","og_description":"Egersund byr p\u00e5 et stort utvalg tilrettelagte muligheter for \u00e5 oppleve kyst, by, skog og fjell \u2013 p\u00e5 en og samme dag! Utforsk m\u00e5nelandskap p\u00e5 vei til den verdenskjente Trollpikken, bli inspirert av den ville kysten n\u00e5r du ser Eiger\u00f8y fyr i horisonten og kom tilbake til sentrum for \u00e5 oppleve den gamle trehusbebyggelsen i sin historisk betinget fargerike prakt. Smakfulle nytelser og uforglemmelige aktiviteter venter i k\u00f8 \u2013 kun en time fra Stavanger.","og_url":"https:\/\/magmageopark.no\/no\/destinasjoner\/egersund\/kunst-og-kultur-i-egersund\/","og_site_name":"Magma Geopark","article_publisher":"https:\/\/www.facebook.com\/magmageopark\/","article_modified_time":"2025-11-28T14:05:32+00:00","og_image":[{"width":2560,"height":1920,"url":"https:\/\/magmageopark.no\/wp-content\/uploads\/2024\/06\/20200716-_68A9673-Edit-scaled.jpg","type":"image\/jpeg"}],"twitter_card":"summary_large_image","twitter_misc":{"Ansl. lesetid":"9 minutter"},"schema":{"@context":"https:\/\/schema.org","@graph":[{"@type":"WebPage","@id":"https:\/\/magmageopark.no\/no\/destinasjoner\/egersund\/kunst-og-kultur-i-egersund\/","url":"https:\/\/magmageopark.no\/no\/destinasjoner\/egersund\/kunst-og-kultur-i-egersund\/","name":"Kunst og kultur i Egersund - Magma Geopark","isPartOf":{"@id":"https:\/\/magmageopark.no\/#website"},"primaryImageOfPage":{"@id":"https:\/\/magmageopark.no\/no\/destinasjoner\/egersund\/kunst-og-kultur-i-egersund\/#primaryimage"},"image":{"@id":"https:\/\/magmageopark.no\/no\/destinasjoner\/egersund\/kunst-og-kultur-i-egersund\/#primaryimage"},"thumbnailUrl":"https:\/\/magmageopark.no\/wp-content\/uploads\/2024\/06\/20231018-_L0A2576-Edit-scaled.jpg","datePublished":"2025-05-26T11:56:08+00:00","dateModified":"2025-11-28T14:05:32+00:00","description":"Velkommen til den fargerike trehusbyen. Egersund byr p\u00e5 et stort utvalg tilrettelagte muligheter for \u00e5 oppleve kyst, by, skog og fjell \u2013 p\u00e5 en og samme dag! Utforsk m\u00e5nelandskap p\u00e5 vei til den verdenskjente Trollpikken, bli inspirert av den ville kysten n\u00e5r du ser Eiger\u00f8y fyr i horisonten og kom tilbake til sentrum for \u00e5 oppleve den gamle trehusbebyggelsen i sin historisk betinget fargerike prakt. Smakfulle nytelser og uforglemmelige aktiviteter venter i k\u00f8 \u2013 kun en time fra Stavanger.","breadcrumb":{"@id":"https:\/\/magmageopark.no\/no\/destinasjoner\/egersund\/kunst-og-kultur-i-egersund\/#breadcrumb"},"inLanguage":"nb-NO","potentialAction":[{"@type":"ReadAction","target":["https:\/\/magmageopark.no\/no\/destinasjoner\/egersund\/kunst-og-kultur-i-egersund\/"]}]},{"@type":"ImageObject","inLanguage":"nb-NO","@id":"https:\/\/magmageopark.no\/no\/destinasjoner\/egersund\/kunst-og-kultur-i-egersund\/#primaryimage","url":"https:\/\/magmageopark.no\/wp-content\/uploads\/2024\/06\/20231018-_L0A2576-Edit-scaled.jpg","contentUrl":"https:\/\/magmageopark.no\/wp-content\/uploads\/2024\/06\/20231018-_L0A2576-Edit-scaled.jpg","width":2560,"height":1707,"caption":"Foto:Egersund Fayancemuseum"},{"@type":"BreadcrumbList","@id":"https:\/\/magmageopark.no\/no\/destinasjoner\/egersund\/kunst-og-kultur-i-egersund\/#breadcrumb","itemListElement":[{"@type":"ListItem","position":1,"name":"Hjem","item":"https:\/\/magmageopark.no\/en\/"},{"@type":"ListItem","position":2,"name":"Destinasjoner","item":"https:\/\/magmageopark.no\/no\/destinasjoner\/"},{"@type":"ListItem","position":3,"name":"Egersund","item":"https:\/\/magmageopark.no\/no\/destinasjoner\/egersund\/"},{"@type":"ListItem","position":4,"name":"Kunst og kultur i Egersund"}]},{"@type":"WebSite","@id":"https:\/\/magmageopark.no\/#website","url":"https:\/\/magmageopark.no\/","name":"Magma Geopark","description":"Walk on the moon","publisher":{"@id":"https:\/\/magmageopark.no\/#organization"},"potentialAction":[{"@type":"SearchAction","target":{"@type":"EntryPoint","urlTemplate":"https:\/\/magmageopark.no\/?s={search_term_string}"},"query-input":{"@type":"PropertyValueSpecification","valueRequired":true,"valueName":"search_term_string"}}],"inLanguage":"nb-NO"},{"@type":"Organization","@id":"https:\/\/magmageopark.no\/#organization","name":"Magma UNESCO Global Geopark","url":"https:\/\/magmageopark.no\/","logo":{"@type":"ImageObject","inLanguage":"nb-NO","@id":"https:\/\/magmageopark.no\/#\/schema\/logo\/image\/","url":"https:\/\/magmageopark.no\/wp-content\/uploads\/2024\/06\/Magma-geopark-UNESCO-blaa-logo-2.png","contentUrl":"https:\/\/magmageopark.no\/wp-content\/uploads\/2024\/06\/Magma-geopark-UNESCO-blaa-logo-2.png","width":900,"height":410,"caption":"Magma UNESCO Global Geopark"},"image":{"@id":"https:\/\/magmageopark.no\/#\/schema\/logo\/image\/"},"sameAs":["https:\/\/www.facebook.com\/magmageopark\/","https:\/\/www.instagram.com\/magmageopark\/"]}]}},"_links":{"self":[{"href":"https:\/\/magmageopark.no\/no\/wp-json\/wp\/v2\/pages\/8328","targetHints":{"allow":["GET"]}}],"collection":[{"href":"https:\/\/magmageopark.no\/no\/wp-json\/wp\/v2\/pages"}],"about":[{"href":"https:\/\/magmageopark.no\/no\/wp-json\/wp\/v2\/types\/page"}],"author":[{"embeddable":true,"href":"https:\/\/magmageopark.no\/no\/wp-json\/wp\/v2\/users\/1"}],"replies":[{"embeddable":true,"href":"https:\/\/magmageopark.no\/no\/wp-json\/wp\/v2\/comments?post=8328"}],"version-history":[{"count":3,"href":"https:\/\/magmageopark.no\/no\/wp-json\/wp\/v2\/pages\/8328\/revisions"}],"predecessor-version":[{"id":8457,"href":"https:\/\/magmageopark.no\/no\/wp-json\/wp\/v2\/pages\/8328\/revisions\/8457"}],"up":[{"embeddable":true,"href":"https:\/\/magmageopark.no\/no\/wp-json\/wp\/v2\/pages\/6054"}],"wp:featuredmedia":[{"embeddable":true,"href":"https:\/\/magmageopark.no\/no\/wp-json\/wp\/v2\/media\/4654"}],"wp:attachment":[{"href":"https:\/\/magmageopark.no\/no\/wp-json\/wp\/v2\/media?parent=8328"}],"curies":[{"name":"wp","href":"https:\/\/api.w.org\/{rel}","templated":true}]}}